{"id":1117,"date":"2022-08-24T11:16:34","date_gmt":"2022-08-24T11:16:34","guid":{"rendered":"https:\/\/lauritzlodge.no\/hjem\/"},"modified":"2024-04-17T08:02:28","modified_gmt":"2024-04-17T08:02:28","slug":"hjem","status":"publish","type":"page","link":"https:\/\/lauritzlodge.no\/no\/","title":{"rendered":"Hjem"},"content":{"rendered":"\t\t<div data-elementor-type=\"wp-post\" data-elementor-id=\"1117\" class=\"elementor elementor-1117 elementor-7\" data-elementor-post-type=\"page\">\n\t\t\t\t\t\t<section class=\"elementor-section elementor-top-section elementor-element elementor-element-f4a760b elementor-section-height-min-height elementor-section-full_width secPad elementor-section-height-default elementor-section-items-middle\" data-id=\"f4a760b\" data-element_type=\"section\" data-e-type=\"section\" data-settings=\"{&quot;background_background&quot;:&quot;classic&quot;,&quot;jet_parallax_layout_list&quot;:[]}\">\n\t\t\t\t\t\t<div class=\"elementor-container elementor-column-gap-default\">\n\t\t\t\t\t<div class=\"elementor-column elementor-col-100 elementor-top-column elementor-element elementor-element-bdfc538\" data-id=\"bdfc538\" data-element_type=\"column\" data-e-type=\"column\">\n\t\t\t<div class=\"elementor-widget-wrap elementor-element-populated\">\n\t\t\t\t\t\t<div class=\"elementor-element elementor-element-f97ed4a elementor-widget__width-auto elementor-absolute elementor-hidden-tablet elementor-hidden-mobile elementor-align-center elementor-widget elementor-widget-lottie\" data-id=\"f97ed4a\" data-element_type=\"widget\" data-e-type=\"widget\" data-settings=\"{&quot;source&quot;:&quot;external_url&quot;,&quot;source_external_url&quot;:{&quot;url&quot;:&quot;https:\\\/\\\/assets10.lottiefiles.com\\\/packages\\\/lf20_hnvzkcfr.json&quot;,&quot;is_external&quot;:&quot;&quot;,&quot;nofollow&quot;:&quot;&quot;,&quot;custom_attributes&quot;:&quot;&quot;},&quot;loop&quot;:&quot;yes&quot;,&quot;play_speed&quot;:{&quot;unit&quot;:&quot;px&quot;,&quot;size&quot;:0.5,&quot;sizes&quot;:[]},&quot;_position&quot;:&quot;absolute&quot;,&quot;link_to&quot;:&quot;none&quot;,&quot;trigger&quot;:&quot;arriving_to_viewport&quot;,&quot;viewport&quot;:{&quot;unit&quot;:&quot;%&quot;,&quot;size&quot;:&quot;&quot;,&quot;sizes&quot;:{&quot;start&quot;:0,&quot;end&quot;:100}},&quot;start_point&quot;:{&quot;unit&quot;:&quot;%&quot;,&quot;size&quot;:0,&quot;sizes&quot;:[]},&quot;end_point&quot;:{&quot;unit&quot;:&quot;%&quot;,&quot;size&quot;:100,&quot;sizes&quot;:[]},&quot;renderer&quot;:&quot;svg&quot;}\" data-widget_type=\"lottie.default\">\n\t\t\t\t<div class=\"elementor-widget-container\">\n\t\t\t\t\t<div class=\"e-lottie__container\"><div class=\"e-lottie__animation\"><\/div><\/div>\t\t\t\t<\/div>\n\t\t\t\t<\/div>\n\t\t\t\t<div class=\"elementor-element elementor-element-a576fc1 elementor-widget__width-auto elementor-widget elementor-widget-spacer\" data-id=\"a576fc1\" data-element_type=\"widget\" data-e-type=\"widget\" data-widget_type=\"spacer.default\">\n\t\t\t\t<div class=\"elementor-widget-container\">\n\t\t\t\t\t\t\t<div class=\"elementor-spacer\">\n\t\t\t<div class=\"elementor-spacer-inner\"><\/div>\n\t\t<\/div>\n\t\t\t\t\t\t<\/div>\n\t\t\t\t<\/div>\n\t\t\t\t\t<\/div>\n\t\t<\/div>\n\t\t\t\t\t<\/div>\n\t\t<\/section>\n\t\t\t\t<section class=\"elementor-section elementor-top-section elementor-element elementor-element-d88cdba secPadHeigh elementor-section-boxed elementor-section-height-default elementor-section-height-default\" data-id=\"d88cdba\" data-element_type=\"section\" data-e-type=\"section\" data-settings=\"{&quot;jet_parallax_layout_list&quot;:[]}\">\n\t\t\t\t\t\t<div class=\"elementor-container elementor-column-gap-default\">\n\t\t\t\t\t<div class=\"elementor-column elementor-col-50 elementor-top-column elementor-element elementor-element-8faedfd\" data-id=\"8faedfd\" data-element_type=\"column\" data-e-type=\"column\">\n\t\t\t<div class=\"elementor-widget-wrap elementor-element-populated\">\n\t\t\t\t\t\t<div class=\"elementor-element elementor-element-5f9e767 elementor-invisible elementor-widget elementor-widget-heading\" data-id=\"5f9e767\" data-element_type=\"widget\" data-e-type=\"widget\" data-settings=\"{&quot;_animation&quot;:&quot;fadeIn&quot;}\" data-widget_type=\"heading.default\">\n\t\t\t\t<div class=\"elementor-widget-container\">\n\t\t\t\t\t<h1 class=\"elementor-heading-title elementor-size-default\">Et unikt sted for gode minner<\/h1>\t\t\t\t<\/div>\n\t\t\t\t<\/div>\n\t\t\t\t<div class=\"elementor-element elementor-element-9da0686 elementor-invisible elementor-widget elementor-widget-text-editor\" data-id=\"9da0686\" data-element_type=\"widget\" data-e-type=\"widget\" data-settings=\"{&quot;_animation&quot;:&quot;fadeIn&quot;,&quot;_animation_delay&quot;:100}\" data-widget_type=\"text-editor.default\">\n\t\t\t\t<div class=\"elementor-widget-container\">\n\t\t\t\t\t\t\t\t\t<p>Lauritz Lodge er der historie, tradisjon og kunst m\u00f8ter norsk design og kvalitet.<\/p>\n<p>Lodgen ligger p\u00e5 historisk grunn p\u00e5 \u00f8ya Kvits\u00f8y, som er en av Norges aller minste kommuner. Stavanger er n\u00e6rmeste by med Sola flyplass mindre enn en time fra \u00f8ya. <\/p>\n\t\t\t\t\t\t\t\t<\/div>\n\t\t\t\t<\/div>\n\t\t\t\t<div class=\"elementor-element elementor-element-8f82753 elementor-invisible elementor-widget elementor-widget-button\" data-id=\"8f82753\" data-element_type=\"widget\" data-e-type=\"widget\" data-settings=\"{&quot;_animation&quot;:&quot;fadeIn&quot;,&quot;_animation_delay&quot;:200}\" data-widget_type=\"button.default\">\n\t\t\t\t<div class=\"elementor-widget-container\">\n\t\t\t\t\t\t\t\t\t<div class=\"elementor-button-wrapper\">\n\t\t\t\t\t<a class=\"elementor-button elementor-button-link elementor-size-sm\" href=\"https:\/\/lodge.portalnorge.dev\/no\/booking\/\">\n\t\t\t\t\t\t<span class=\"elementor-button-content-wrapper\">\n\t\t\t\t\t\t<span class=\"elementor-button-icon\">\n\t\t\t\t<svg aria-hidden=\"true\" class=\"e-font-icon-svg e-fas-angle-right\" viewBox=\"0 0 256 512\" xmlns=\"http:\/\/www.w3.org\/2000\/svg\"><path d=\"M224.3 273l-136 136c-9.4 9.4-24.6 9.4-33.9 0l-22.6-22.6c-9.4-9.4-9.4-24.6 0-33.9l96.4-96.4-96.4-96.4c-9.4-9.4-9.4-24.6 0-33.9L54.3 103c9.4-9.4 24.6-9.4 33.9 0l136 136c9.5 9.4 9.5 24.6.1 34z\"><\/path><\/svg>\t\t\t<\/span>\n\t\t\t\t\t\t\t\t\t<span class=\"elementor-button-text\">Sjekk tilgjengelighet<\/span>\n\t\t\t\t\t<\/span>\n\t\t\t\t\t<\/a>\n\t\t\t\t<\/div>\n\t\t\t\t\t\t\t\t<\/div>\n\t\t\t\t<\/div>\n\t\t\t\t\t<\/div>\n\t\t<\/div>\n\t\t\t\t<div class=\"elementor-column elementor-col-50 elementor-top-column elementor-element elementor-element-0f5ee59\" data-id=\"0f5ee59\" data-element_type=\"column\" data-e-type=\"column\">\n\t\t\t<div class=\"elementor-widget-wrap elementor-element-populated\">\n\t\t\t\t\t\t<div class=\"elementor-element elementor-element-00cabaf elementor-invisible elementor-widget elementor-widget-image\" data-id=\"00cabaf\" data-element_type=\"widget\" data-e-type=\"widget\" data-settings=\"{&quot;_animation&quot;:&quot;slideInRight&quot;}\" data-widget_type=\"image.default\">\n\t\t\t\t<div class=\"elementor-widget-container\">\n\t\t\t\t\t\t\t\t\t\t\t\t\t\t\t<img fetchpriority=\"high\" decoding=\"async\" width=\"800\" height=\"532\" src=\"https:\/\/lauritzlodge.no\/wp-content\/uploads\/2022\/09\/AG4_2037-1024x681.jpeg\" class=\"attachment-large size-large wp-image-1002\" alt=\"\" srcset=\"https:\/\/lauritzlodge.no\/wp-content\/uploads\/2022\/09\/AG4_2037-1024x681.jpeg 1024w, https:\/\/lauritzlodge.no\/wp-content\/uploads\/2022\/09\/AG4_2037-300x200.jpeg 300w, https:\/\/lauritzlodge.no\/wp-content\/uploads\/2022\/09\/AG4_2037-768x511.jpeg 768w, https:\/\/lauritzlodge.no\/wp-content\/uploads\/2022\/09\/AG4_2037-1536x1022.jpeg 1536w, https:\/\/lauritzlodge.no\/wp-content\/uploads\/2022\/09\/AG4_2037-2048x1363.jpeg 2048w\" sizes=\"(max-width: 800px) 100vw, 800px\" \/>\t\t\t\t\t\t\t\t\t\t\t\t\t\t\t<\/div>\n\t\t\t\t<\/div>\n\t\t\t\t<div class=\"elementor-element elementor-element-c7b1062 elementor-widget__width-initial elementor-absolute elementor-invisible elementor-widget elementor-widget-image\" data-id=\"c7b1062\" data-element_type=\"widget\" data-e-type=\"widget\" data-settings=\"{&quot;_position&quot;:&quot;absolute&quot;,&quot;_animation&quot;:&quot;slideInRight&quot;,&quot;_animation_delay&quot;:50}\" data-widget_type=\"image.default\">\n\t\t\t\t<div class=\"elementor-widget-container\">\n\t\t\t\t\t\t\t\t\t\t\t\t\t\t\t<img decoding=\"async\" width=\"512\" height=\"512\" src=\"https:\/\/lauritzlodge.no\/wp-content\/uploads\/2022\/09\/quadrant-olive.svg\" class=\"attachment-large size-large wp-image-1004\" alt=\"\" \/>\t\t\t\t\t\t\t\t\t\t\t\t\t\t\t<\/div>\n\t\t\t\t<\/div>\n\t\t\t\t\t<\/div>\n\t\t<\/div>\n\t\t\t\t\t<\/div>\n\t\t<\/section>\n\t\t\t\t<section class=\"elementor-section elementor-top-section elementor-element elementor-element-8265b29 elementor-section-full_width elementor-section-height-default elementor-section-height-default\" data-id=\"8265b29\" data-element_type=\"section\" data-e-type=\"section\" data-settings=\"{&quot;jet_parallax_layout_list&quot;:[]}\">\n\t\t\t\t\t\t<div class=\"elementor-container elementor-column-gap-default\">\n\t\t\t\t\t<div class=\"elementor-column elementor-col-100 elementor-top-column elementor-element elementor-element-2e751a8\" data-id=\"2e751a8\" data-element_type=\"column\" data-e-type=\"column\">\n\t\t\t<div class=\"elementor-widget-wrap elementor-element-populated\">\n\t\t\t\t\t\t<div class=\"elementor-element elementor-element-e4ff936 elementor-hidden-mobile elementor-widget elementor-widget-image\" data-id=\"e4ff936\" data-element_type=\"widget\" data-e-type=\"widget\" data-widget_type=\"image.default\">\n\t\t\t\t<div class=\"elementor-widget-container\">\n\t\t\t\t\t\t\t\t\t\t\t\t\t\t\t<img decoding=\"async\" width=\"2560\" height=\"1651\" src=\"https:\/\/lauritzlodge.no\/wp-content\/uploads\/2023\/03\/Kvitsoy-harbour-17-2_v3.jpg\" class=\"attachment-full size-full wp-image-1110\" alt=\"\" srcset=\"https:\/\/lauritzlodge.no\/wp-content\/uploads\/2023\/03\/Kvitsoy-harbour-17-2_v3.jpg 2560w, https:\/\/lauritzlodge.no\/wp-content\/uploads\/2023\/03\/Kvitsoy-harbour-17-2_v3-300x193.jpg 300w, https:\/\/lauritzlodge.no\/wp-content\/uploads\/2023\/03\/Kvitsoy-harbour-17-2_v3-1024x660.jpg 1024w, https:\/\/lauritzlodge.no\/wp-content\/uploads\/2023\/03\/Kvitsoy-harbour-17-2_v3-768x495.jpg 768w, https:\/\/lauritzlodge.no\/wp-content\/uploads\/2023\/03\/Kvitsoy-harbour-17-2_v3-1536x991.jpg 1536w, https:\/\/lauritzlodge.no\/wp-content\/uploads\/2023\/03\/Kvitsoy-harbour-17-2_v3-2048x1321.jpg 2048w\" sizes=\"(max-width: 2560px) 100vw, 2560px\" \/>\t\t\t\t\t\t\t\t\t\t\t\t\t\t\t<\/div>\n\t\t\t\t<\/div>\n\t\t\t\t<div class=\"elementor-element elementor-element-28304f7 elementor-hidden-desktop elementor-hidden-tablet elementor-widget elementor-widget-image\" data-id=\"28304f7\" data-element_type=\"widget\" data-e-type=\"widget\" data-widget_type=\"image.default\">\n\t\t\t\t<div class=\"elementor-widget-container\">\n\t\t\t\t\t\t\t\t\t\t\t\t\t\t\t<img loading=\"lazy\" decoding=\"async\" width=\"768\" height=\"495\" src=\"https:\/\/lauritzlodge.no\/wp-content\/uploads\/2023\/03\/Kvitsoy-harbour-17-2_v3-768x495.jpg\" class=\"attachment-medium_large size-medium_large wp-image-1110\" alt=\"\" srcset=\"https:\/\/lauritzlodge.no\/wp-content\/uploads\/2023\/03\/Kvitsoy-harbour-17-2_v3-768x495.jpg 768w, https:\/\/lauritzlodge.no\/wp-content\/uploads\/2023\/03\/Kvitsoy-harbour-17-2_v3-300x193.jpg 300w, https:\/\/lauritzlodge.no\/wp-content\/uploads\/2023\/03\/Kvitsoy-harbour-17-2_v3-1024x660.jpg 1024w, https:\/\/lauritzlodge.no\/wp-content\/uploads\/2023\/03\/Kvitsoy-harbour-17-2_v3-1536x991.jpg 1536w, https:\/\/lauritzlodge.no\/wp-content\/uploads\/2023\/03\/Kvitsoy-harbour-17-2_v3-2048x1321.jpg 2048w\" sizes=\"(max-width: 768px) 100vw, 768px\" \/>\t\t\t\t\t\t\t\t\t\t\t\t\t\t\t<\/div>\n\t\t\t\t<\/div>\n\t\t\t\t\t<\/div>\n\t\t<\/div>\n\t\t\t\t\t<\/div>\n\t\t<\/section>\n\t\t\t\t<section class=\"elementor-section elementor-top-section elementor-element elementor-element-c42610e secPadHeigh elementor-reverse-mobile elementor-section-boxed elementor-section-height-default elementor-section-height-default\" data-id=\"c42610e\" data-element_type=\"section\" data-e-type=\"section\" data-settings=\"{&quot;jet_parallax_layout_list&quot;:[]}\">\n\t\t\t\t\t\t<div class=\"elementor-container elementor-column-gap-default\">\n\t\t\t\t\t<div class=\"elementor-column elementor-col-50 elementor-top-column elementor-element elementor-element-856c3d8\" data-id=\"856c3d8\" data-element_type=\"column\" data-e-type=\"column\">\n\t\t\t<div class=\"elementor-widget-wrap elementor-element-populated\">\n\t\t\t\t\t\t<div class=\"elementor-element elementor-element-d9d85b3 elementor-widget elementor-widget-heading\" data-id=\"d9d85b3\" data-element_type=\"widget\" data-e-type=\"widget\" data-widget_type=\"heading.default\">\n\t\t\t\t<div class=\"elementor-widget-container\">\n\t\t\t\t\t<h2 class=\"elementor-heading-title elementor-size-default\">Ro og inspirasjon<\/h2>\t\t\t\t<\/div>\n\t\t\t\t<\/div>\n\t\t\t\t<div class=\"elementor-element elementor-element-5c510a0 elementor-widget elementor-widget-text-editor\" data-id=\"5c510a0\" data-element_type=\"widget\" data-e-type=\"widget\" data-widget_type=\"text-editor.default\">\n\t\t\t\t<div class=\"elementor-widget-container\">\n\t\t\t\t\t\t\t\t\t<p>\u00d8ya og lodgen gir b\u00e5de ro og inspirasjon, og byr p\u00e5 en unik historie med norsk kunst kombinert med fascinerende naturopplevelser, som har begeistret mange bes\u00f8kende opp gjennom \u00e5rene. Vi tror at det ogs\u00e5 vil gj\u00f8re ditt opphold rikt og minneverdig.<\/p>\n\t\t\t\t\t\t\t\t<\/div>\n\t\t\t\t<\/div>\n\t\t\t\t<div class=\"elementor-element elementor-element-bda85e7 elementor-widget elementor-widget-button\" data-id=\"bda85e7\" data-element_type=\"widget\" data-e-type=\"widget\" data-widget_type=\"button.default\">\n\t\t\t\t<div class=\"elementor-widget-container\">\n\t\t\t\t\t\t\t\t\t<div class=\"elementor-button-wrapper\">\n\t\t\t\t\t<a class=\"elementor-button elementor-button-link elementor-size-sm\" href=\"https:\/\/lodge.portalnorge.dev\/no\/lodgen\/\">\n\t\t\t\t\t\t<span class=\"elementor-button-content-wrapper\">\n\t\t\t\t\t\t<span class=\"elementor-button-icon\">\n\t\t\t\t<svg aria-hidden=\"true\" class=\"e-font-icon-svg e-fas-angle-right\" viewBox=\"0 0 256 512\" xmlns=\"http:\/\/www.w3.org\/2000\/svg\"><path d=\"M224.3 273l-136 136c-9.4 9.4-24.6 9.4-33.9 0l-22.6-22.6c-9.4-9.4-9.4-24.6 0-33.9l96.4-96.4-96.4-96.4c-9.4-9.4-9.4-24.6 0-33.9L54.3 103c9.4-9.4 24.6-9.4 33.9 0l136 136c9.5 9.4 9.5 24.6.1 34z\"><\/path><\/svg>\t\t\t<\/span>\n\t\t\t\t\t\t\t\t\t<span class=\"elementor-button-text\">Les mer om lodgen<\/span>\n\t\t\t\t\t<\/span>\n\t\t\t\t\t<\/a>\n\t\t\t\t<\/div>\n\t\t\t\t\t\t\t\t<\/div>\n\t\t\t\t<\/div>\n\t\t\t\t\t<\/div>\n\t\t<\/div>\n\t\t\t\t<div class=\"elementor-column elementor-col-50 elementor-top-column elementor-element elementor-element-b95588b\" data-id=\"b95588b\" data-element_type=\"column\" data-e-type=\"column\">\n\t\t\t<div class=\"elementor-widget-wrap elementor-element-populated\">\n\t\t\t\t\t\t<div class=\"elementor-element elementor-element-33ab206 elementor-invisible elementor-widget elementor-widget-image\" data-id=\"33ab206\" data-element_type=\"widget\" data-e-type=\"widget\" data-settings=\"{&quot;_animation&quot;:&quot;slideInRight&quot;}\" data-widget_type=\"image.default\">\n\t\t\t\t<div class=\"elementor-widget-container\">\n\t\t\t\t\t\t\t\t\t\t\t\t\t\t\t<img loading=\"lazy\" decoding=\"async\" width=\"800\" height=\"532\" src=\"https:\/\/lauritzlodge.no\/wp-content\/uploads\/2022\/09\/AG4_2018-HDR-1024x681.jpeg\" class=\"attachment-large size-large wp-image-1007\" alt=\"\" srcset=\"https:\/\/lauritzlodge.no\/wp-content\/uploads\/2022\/09\/AG4_2018-HDR-1024x681.jpeg 1024w, https:\/\/lauritzlodge.no\/wp-content\/uploads\/2022\/09\/AG4_2018-HDR-300x200.jpeg 300w, https:\/\/lauritzlodge.no\/wp-content\/uploads\/2022\/09\/AG4_2018-HDR-768x511.jpeg 768w, https:\/\/lauritzlodge.no\/wp-content\/uploads\/2022\/09\/AG4_2018-HDR-1536x1022.jpeg 1536w, https:\/\/lauritzlodge.no\/wp-content\/uploads\/2022\/09\/AG4_2018-HDR-2048x1363.jpeg 2048w\" sizes=\"(max-width: 800px) 100vw, 800px\" \/>\t\t\t\t\t\t\t\t\t\t\t\t\t\t\t<\/div>\n\t\t\t\t<\/div>\n\t\t\t\t<div class=\"elementor-element elementor-element-a125ba5 elementor-widget__width-initial elementor-absolute elementor-invisible elementor-widget elementor-widget-image\" data-id=\"a125ba5\" data-element_type=\"widget\" data-e-type=\"widget\" data-settings=\"{&quot;_position&quot;:&quot;absolute&quot;,&quot;_animation&quot;:&quot;slideInRight&quot;,&quot;_animation_delay&quot;:100}\" data-widget_type=\"image.default\">\n\t\t\t\t<div class=\"elementor-widget-container\">\n\t\t\t\t\t\t\t\t\t\t\t\t\t\t\t<img loading=\"lazy\" decoding=\"async\" width=\"512\" height=\"512\" src=\"https:\/\/lauritzlodge.no\/wp-content\/uploads\/2022\/09\/quadrant-staverngul.svg\" class=\"attachment-large size-large wp-image-1006\" alt=\"\" \/>\t\t\t\t\t\t\t\t\t\t\t\t\t\t\t<\/div>\n\t\t\t\t<\/div>\n\t\t\t\t\t<\/div>\n\t\t<\/div>\n\t\t\t\t\t<\/div>\n\t\t<\/section>\n\t\t\t\t<\/div>\n\t\t","protected":false},"excerpt":{"rendered":"<p>Et unikt sted for gode minner Lauritz Lodge er der historie, tradisjon og kunst m\u00f8ter norsk design og kvalitet. Lodgen ligger p\u00e5 historisk grunn p\u00e5 \u00f8ya Kvits\u00f8y, som er en av Norges aller minste kommuner. Stavanger er n\u00e6rmeste by med Sola flyplass mindre enn en time fra \u00f8ya. Sjekk tilgjengelighet Ro og inspirasjon \u00d8ya og [&hellip;]<\/p>\n","protected":false},"author":3,"featured_media":0,"parent":0,"menu_order":0,"comment_status":"closed","ping_status":"closed","template":"","meta":{"footnotes":""},"class_list":["post-1117","page","type-page","status-publish","hentry"],"yoast_head":"<!-- This site is optimized with the Yoast SEO plugin v27.2 - https:\/\/yoast.com\/product\/yoast-seo-wordpress\/ -->\n<title>Lauritz Lodge - Lodge \/ Hytte \/ Utleiebolig p\u00e5 Kvits\u00f8y<\/title>\n<meta name=\"description\" content=\"Velkommen til historiske omgivelser p\u00e5 \u00f8ya Kvits\u00f8y, som ligger innenfor Boknafjorden p\u00e5 den s\u00f8rvestlige kysten av Norge. Bestill ditt opphold i dag!\" \/>\n<meta name=\"robots\" content=\"index, follow, max-snippet:-1, max-image-preview:large, max-video-preview:-1\" \/>\n<link rel=\"canonical\" href=\"https:\/\/lauritzlodge.no\/no\/\" \/>\n<meta property=\"og:locale\" content=\"nb_NO\" \/>\n<meta property=\"og:type\" content=\"article\" \/>\n<meta property=\"og:title\" content=\"Lauritz Lodge - Lodge \/ Hytte \/ Utleiebolig p\u00e5 Kvits\u00f8y\" \/>\n<meta property=\"og:description\" content=\"Velkommen til historiske omgivelser p\u00e5 \u00f8ya Kvits\u00f8y, som ligger innenfor Boknafjorden p\u00e5 den s\u00f8rvestlige kysten av Norge. Bestill ditt opphold i dag!\" \/>\n<meta property=\"og:url\" content=\"https:\/\/lauritzlodge.no\/no\/\" \/>\n<meta property=\"og:site_name\" content=\"Lauritz Lodge\" \/>\n<meta property=\"article:publisher\" content=\"https:\/\/www.facebook.com\/LauritzLodge\/photos\" \/>\n<meta property=\"article:modified_time\" content=\"2024-04-17T08:02:28+00:00\" \/>\n<meta property=\"og:image\" content=\"https:\/\/lauritzlodge.no\/wp-content\/uploads\/2022\/09\/AG4_2037-1024x681.jpeg\" \/>\n<meta name=\"twitter:card\" content=\"summary_large_image\" \/>\n<meta name=\"twitter:label1\" content=\"Ansl. lesetid\" \/>\n\t<meta name=\"twitter:data1\" content=\"1 minutt\" \/>\n<script type=\"application\/ld+json\" class=\"yoast-schema-graph\">{\"@context\":\"https:\/\/schema.org\",\"@graph\":[{\"@type\":\"WebPage\",\"@id\":\"https:\/\/lauritzlodge.no\/no\/\",\"url\":\"https:\/\/lauritzlodge.no\/no\/\",\"name\":\"Lauritz Lodge - Lodge \/ Hytte \/ Utleiebolig p\u00e5 Kvits\u00f8y\",\"isPartOf\":{\"@id\":\"https:\/\/lauritzlodge.no\/no\/#website\"},\"primaryImageOfPage\":{\"@id\":\"https:\/\/lauritzlodge.no\/no\/#primaryimage\"},\"image\":{\"@id\":\"https:\/\/lauritzlodge.no\/no\/#primaryimage\"},\"thumbnailUrl\":\"https:\/\/lauritzlodge.no\/wp-content\/uploads\/2022\/09\/AG4_2037-1024x681.jpeg\",\"datePublished\":\"2022-08-24T11:16:34+00:00\",\"dateModified\":\"2024-04-17T08:02:28+00:00\",\"description\":\"Velkommen til historiske omgivelser p\u00e5 \u00f8ya Kvits\u00f8y, som ligger innenfor Boknafjorden p\u00e5 den s\u00f8rvestlige kysten av Norge. Bestill ditt opphold i dag!\",\"breadcrumb\":{\"@id\":\"https:\/\/lauritzlodge.no\/no\/#breadcrumb\"},\"inLanguage\":\"nb-NO\",\"potentialAction\":[{\"@type\":\"ReadAction\",\"target\":[\"https:\/\/lauritzlodge.no\/no\/\"]}]},{\"@type\":\"ImageObject\",\"inLanguage\":\"nb-NO\",\"@id\":\"https:\/\/lauritzlodge.no\/no\/#primaryimage\",\"url\":\"https:\/\/lauritzlodge.no\/wp-content\/uploads\/2022\/09\/AG4_2037-1024x681.jpeg\",\"contentUrl\":\"https:\/\/lauritzlodge.no\/wp-content\/uploads\/2022\/09\/AG4_2037-1024x681.jpeg\"},{\"@type\":\"BreadcrumbList\",\"@id\":\"https:\/\/lauritzlodge.no\/no\/#breadcrumb\",\"itemListElement\":[{\"@type\":\"ListItem\",\"position\":1,\"name\":\"Home\",\"item\":\"https:\/\/lauritzlodge.no\/no\/\"},{\"@type\":\"ListItem\",\"position\":2,\"name\":\"Hjem\"}]},{\"@type\":\"WebSite\",\"@id\":\"https:\/\/lauritzlodge.no\/no\/#website\",\"url\":\"https:\/\/lauritzlodge.no\/no\/\",\"name\":\"Lauritz Lodge\",\"description\":\"Unic accommodation on Kvits\u00f8y, Norway\",\"publisher\":{\"@id\":\"https:\/\/lauritzlodge.no\/no\/#organization\"},\"potentialAction\":[{\"@type\":\"SearchAction\",\"target\":{\"@type\":\"EntryPoint\",\"urlTemplate\":\"https:\/\/lauritzlodge.no\/no\/?s={search_term_string}\"},\"query-input\":{\"@type\":\"PropertyValueSpecification\",\"valueRequired\":true,\"valueName\":\"search_term_string\"}}],\"inLanguage\":\"nb-NO\"},{\"@type\":\"Organization\",\"@id\":\"https:\/\/lauritzlodge.no\/no\/#organization\",\"name\":\"Lauritz Lodge\",\"url\":\"https:\/\/lauritzlodge.no\/no\/\",\"logo\":{\"@type\":\"ImageObject\",\"inLanguage\":\"nb-NO\",\"@id\":\"https:\/\/lauritzlodge.no\/no\/#\/schema\/logo\/image\/\",\"url\":\"https:\/\/lauritzlodge.no\/wp-content\/uploads\/2022\/09\/Lauritz_Logde_oliven.svg\",\"contentUrl\":\"https:\/\/lauritzlodge.no\/wp-content\/uploads\/2022\/09\/Lauritz_Logde_oliven.svg\",\"width\":3887,\"height\":2021,\"caption\":\"Lauritz Lodge\"},\"image\":{\"@id\":\"https:\/\/lauritzlodge.no\/no\/#\/schema\/logo\/image\/\"},\"sameAs\":[\"https:\/\/www.facebook.com\/LauritzLodge\/photos\",\"https:\/\/www.instagram.com\/lauritzlodge\/\"]}]}<\/script>\n<!-- \/ Yoast SEO plugin. -->","yoast_head_json":{"title":"Lauritz Lodge - Lodge \/ Hytte \/ Utleiebolig p\u00e5 Kvits\u00f8y","description":"Velkommen til historiske omgivelser p\u00e5 \u00f8ya Kvits\u00f8y, som ligger innenfor Boknafjorden p\u00e5 den s\u00f8rvestlige kysten av Norge. Bestill ditt opphold i dag!","robots":{"index":"index","follow":"follow","max-snippet":"max-snippet:-1","max-image-preview":"max-image-preview:large","max-video-preview":"max-video-preview:-1"},"canonical":"https:\/\/lauritzlodge.no\/no\/","og_locale":"nb_NO","og_type":"article","og_title":"Lauritz Lodge - Lodge \/ Hytte \/ Utleiebolig p\u00e5 Kvits\u00f8y","og_description":"Velkommen til historiske omgivelser p\u00e5 \u00f8ya Kvits\u00f8y, som ligger innenfor Boknafjorden p\u00e5 den s\u00f8rvestlige kysten av Norge. Bestill ditt opphold i dag!","og_url":"https:\/\/lauritzlodge.no\/no\/","og_site_name":"Lauritz Lodge","article_publisher":"https:\/\/www.facebook.com\/LauritzLodge\/photos","article_modified_time":"2024-04-17T08:02:28+00:00","og_image":[{"url":"https:\/\/lauritzlodge.no\/wp-content\/uploads\/2022\/09\/AG4_2037-1024x681.jpeg","type":"","width":"","height":""}],"twitter_card":"summary_large_image","twitter_misc":{"Ansl. lesetid":"1 minutt"},"schema":{"@context":"https:\/\/schema.org","@graph":[{"@type":"WebPage","@id":"https:\/\/lauritzlodge.no\/no\/","url":"https:\/\/lauritzlodge.no\/no\/","name":"Lauritz Lodge - Lodge \/ Hytte \/ Utleiebolig p\u00e5 Kvits\u00f8y","isPartOf":{"@id":"https:\/\/lauritzlodge.no\/no\/#website"},"primaryImageOfPage":{"@id":"https:\/\/lauritzlodge.no\/no\/#primaryimage"},"image":{"@id":"https:\/\/lauritzlodge.no\/no\/#primaryimage"},"thumbnailUrl":"https:\/\/lauritzlodge.no\/wp-content\/uploads\/2022\/09\/AG4_2037-1024x681.jpeg","datePublished":"2022-08-24T11:16:34+00:00","dateModified":"2024-04-17T08:02:28+00:00","description":"Velkommen til historiske omgivelser p\u00e5 \u00f8ya Kvits\u00f8y, som ligger innenfor Boknafjorden p\u00e5 den s\u00f8rvestlige kysten av Norge. Bestill ditt opphold i dag!","breadcrumb":{"@id":"https:\/\/lauritzlodge.no\/no\/#breadcrumb"},"inLanguage":"nb-NO","potentialAction":[{"@type":"ReadAction","target":["https:\/\/lauritzlodge.no\/no\/"]}]},{"@type":"ImageObject","inLanguage":"nb-NO","@id":"https:\/\/lauritzlodge.no\/no\/#primaryimage","url":"https:\/\/lauritzlodge.no\/wp-content\/uploads\/2022\/09\/AG4_2037-1024x681.jpeg","contentUrl":"https:\/\/lauritzlodge.no\/wp-content\/uploads\/2022\/09\/AG4_2037-1024x681.jpeg"},{"@type":"BreadcrumbList","@id":"https:\/\/lauritzlodge.no\/no\/#breadcrumb","itemListElement":[{"@type":"ListItem","position":1,"name":"Home","item":"https:\/\/lauritzlodge.no\/no\/"},{"@type":"ListItem","position":2,"name":"Hjem"}]},{"@type":"WebSite","@id":"https:\/\/lauritzlodge.no\/no\/#website","url":"https:\/\/lauritzlodge.no\/no\/","name":"Lauritz Lodge","description":"Unic accommodation on Kvits\u00f8y, Norway","publisher":{"@id":"https:\/\/lauritzlodge.no\/no\/#organization"},"potentialAction":[{"@type":"SearchAction","target":{"@type":"EntryPoint","urlTemplate":"https:\/\/lauritzlodge.no\/no\/?s={search_term_string}"},"query-input":{"@type":"PropertyValueSpecification","valueRequired":true,"valueName":"search_term_string"}}],"inLanguage":"nb-NO"},{"@type":"Organization","@id":"https:\/\/lauritzlodge.no\/no\/#organization","name":"Lauritz Lodge","url":"https:\/\/lauritzlodge.no\/no\/","logo":{"@type":"ImageObject","inLanguage":"nb-NO","@id":"https:\/\/lauritzlodge.no\/no\/#\/schema\/logo\/image\/","url":"https:\/\/lauritzlodge.no\/wp-content\/uploads\/2022\/09\/Lauritz_Logde_oliven.svg","contentUrl":"https:\/\/lauritzlodge.no\/wp-content\/uploads\/2022\/09\/Lauritz_Logde_oliven.svg","width":3887,"height":2021,"caption":"Lauritz Lodge"},"image":{"@id":"https:\/\/lauritzlodge.no\/no\/#\/schema\/logo\/image\/"},"sameAs":["https:\/\/www.facebook.com\/LauritzLodge\/photos","https:\/\/www.instagram.com\/lauritzlodge\/"]}]}},"_links":{"self":[{"href":"https:\/\/lauritzlodge.no\/no\/wp-json\/wp\/v2\/pages\/1117","targetHints":{"allow":["GET"]}}],"collection":[{"href":"https:\/\/lauritzlodge.no\/no\/wp-json\/wp\/v2\/pages"}],"about":[{"href":"https:\/\/lauritzlodge.no\/no\/wp-json\/wp\/v2\/types\/page"}],"author":[{"embeddable":true,"href":"https:\/\/lauritzlodge.no\/no\/wp-json\/wp\/v2\/users\/3"}],"replies":[{"embeddable":true,"href":"https:\/\/lauritzlodge.no\/no\/wp-json\/wp\/v2\/comments?post=1117"}],"version-history":[{"count":2,"href":"https:\/\/lauritzlodge.no\/no\/wp-json\/wp\/v2\/pages\/1117\/revisions"}],"predecessor-version":[{"id":1160,"href":"https:\/\/lauritzlodge.no\/no\/wp-json\/wp\/v2\/pages\/1117\/revisions\/1160"}],"wp:attachment":[{"href":"https:\/\/lauritzlodge.no\/no\/wp-json\/wp\/v2\/media?parent=1117"}],"curies":[{"name":"wp","href":"https:\/\/api.w.org\/{rel}","templated":true}]}}