{"id":1143,"date":"2022-09-06T12:17:49","date_gmt":"2022-09-06T12:17:49","guid":{"rendered":"https:\/\/lauritzlodge.no\/om-lauritz-logde\/"},"modified":"2024-04-22T10:22:21","modified_gmt":"2024-04-22T10:22:21","slug":"om-oss","status":"publish","type":"page","link":"https:\/\/lauritzlodge.no\/no\/om-oss\/","title":{"rendered":"Om oss"},"content":{"rendered":"\t\t<div data-elementor-type=\"wp-page\" data-elementor-id=\"1143\" class=\"elementor elementor-1143 elementor-95\" data-elementor-post-type=\"page\">\n\t\t\t\t\t\t<section class=\"elementor-section elementor-top-section elementor-element elementor-element-f717a80 secPadLow elementor-section-height-min-height elementor-section-items-bottom elementor-section-content-bottom elementor-section-boxed elementor-section-height-default\" data-id=\"f717a80\" data-element_type=\"section\" data-e-type=\"section\" data-settings=\"{&quot;background_background&quot;:&quot;classic&quot;,&quot;jet_parallax_layout_list&quot;:[]}\">\n\t\t\t\t\t\t<div class=\"elementor-container elementor-column-gap-default\">\n\t\t\t\t\t<div class=\"elementor-column elementor-col-100 elementor-top-column elementor-element elementor-element-bd62313\" data-id=\"bd62313\" data-element_type=\"column\" data-e-type=\"column\">\n\t\t\t<div class=\"elementor-widget-wrap\">\n\t\t\t\t\t\t\t<\/div>\n\t\t<\/div>\n\t\t\t\t\t<\/div>\n\t\t<\/section>\n\t\t\t\t<section class=\"elementor-section elementor-top-section elementor-element elementor-element-ae3f63c secPadLowTop elementor-section-boxed elementor-section-height-default elementor-section-height-default\" data-id=\"ae3f63c\" data-element_type=\"section\" data-e-type=\"section\" data-settings=\"{&quot;jet_parallax_layout_list&quot;:[]}\">\n\t\t\t\t\t\t<div class=\"elementor-container elementor-column-gap-default\">\n\t\t\t\t\t<div class=\"elementor-column elementor-col-66 elementor-top-column elementor-element elementor-element-82a2c5f\" data-id=\"82a2c5f\" data-element_type=\"column\" data-e-type=\"column\" data-settings=\"{&quot;background_background&quot;:&quot;classic&quot;}\">\n\t\t\t<div class=\"elementor-widget-wrap elementor-element-populated\">\n\t\t\t\t\t\t<div class=\"elementor-element elementor-element-8499686 elementor-widget elementor-widget-heading\" data-id=\"8499686\" data-element_type=\"widget\" data-e-type=\"widget\" data-widget_type=\"heading.default\">\n\t\t\t\t<div class=\"elementor-widget-container\">\n\t\t\t\t\t<h1 class=\"elementor-heading-title elementor-size-default\">Kj\u00e6re gjester<\/h1>\t\t\t\t<\/div>\n\t\t\t\t<\/div>\n\t\t\t\t<div class=\"elementor-element elementor-element-9617e2c elementor-widget elementor-widget-text-editor\" data-id=\"9617e2c\" data-element_type=\"widget\" data-e-type=\"widget\" data-widget_type=\"text-editor.default\">\n\t\t\t\t<div class=\"elementor-widget-container\">\n\t\t\t\t\t\t\t\t\t<p>V\u00e5r visjon er at Lauritz Lodge skal v\u00e6re et varmt, innbydende og eksklusivt reisem\u00e5l, kjent for \u00e5 skape minner for livet.<\/p>\n<p>V\u00e5rt m\u00e5l for alle v\u00e5re gjester er at roen som \u00f8ya gir, historien og kunsten, det fascinerende landskapet og opplevelsene vil gj\u00f8re oppholdet unikt.<\/p>\n<p><strong>Vi \u00f8nsker deg velkommen til Lauritz Lodge!<\/strong><\/p>\n<p>&nbsp;<\/p>\n<p>Med vennlig hilsen,<br \/>\n<em><strong>Anne Berit og Anders Olsen<\/strong><\/em><br \/>\nEiere<\/p>\n\t\t\t\t\t\t\t\t<\/div>\n\t\t\t\t<\/div>\n\t\t\t\t\t<\/div>\n\t\t<\/div>\n\t\t\t\t<div class=\"elementor-column elementor-col-33 elementor-top-column elementor-element elementor-element-2ca99ee\" data-id=\"2ca99ee\" data-element_type=\"column\" data-e-type=\"column\">\n\t\t\t<div class=\"elementor-widget-wrap elementor-element-populated\">\n\t\t\t\t\t\t<div class=\"elementor-element elementor-element-b2a7012 elementor-widget elementor-widget-text-editor\" data-id=\"b2a7012\" data-element_type=\"widget\" data-e-type=\"widget\" data-widget_type=\"text-editor.default\">\n\t\t\t\t<div class=\"elementor-widget-container\">\n\t\t\t\t\t\t\t\t\t<p>Anne Berit Olsen<br \/><a href=\"tel:+47 975 16 356\">+47 975 16 356<\/a><br \/><a href=\"mailto:post@lodge.portalnorge.dev\">post@lodge.portalnorge.dev<\/a><\/p>\n\t\t\t\t\t\t\t\t<\/div>\n\t\t\t\t<\/div>\n\t\t\t\t<div class=\"elementor-element elementor-element-0bac9e0 elementor-widget elementor-widget-button\" data-id=\"0bac9e0\" data-element_type=\"widget\" data-e-type=\"widget\" data-widget_type=\"button.default\">\n\t\t\t\t<div class=\"elementor-widget-container\">\n\t\t\t\t\t\t\t\t\t<div class=\"elementor-button-wrapper\">\n\t\t\t\t\t<a class=\"elementor-button elementor-button-link elementor-size-sm\" href=\"https:\/\/lodge.portalnorge.dev\/booking\/\">\n\t\t\t\t\t\t<span class=\"elementor-button-content-wrapper\">\n\t\t\t\t\t\t<span class=\"elementor-button-icon\">\n\t\t\t\t<svg aria-hidden=\"true\" class=\"e-font-icon-svg e-fas-angle-right\" viewBox=\"0 0 256 512\" xmlns=\"http:\/\/www.w3.org\/2000\/svg\"><path d=\"M224.3 273l-136 136c-9.4 9.4-24.6 9.4-33.9 0l-22.6-22.6c-9.4-9.4-9.4-24.6 0-33.9l96.4-96.4-96.4-96.4c-9.4-9.4-9.4-24.6 0-33.9L54.3 103c9.4-9.4 24.6-9.4 33.9 0l136 136c9.5 9.4 9.5 24.6.1 34z\"><\/path><\/svg>\t\t\t<\/span>\n\t\t\t\t\t\t\t\t\t<span class=\"elementor-button-text\">Bestill n\u00e5!<\/span>\n\t\t\t\t\t<\/span>\n\t\t\t\t\t<\/a>\n\t\t\t\t<\/div>\n\t\t\t\t\t\t\t\t<\/div>\n\t\t\t\t<\/div>\n\t\t\t\t<div class=\"elementor-element elementor-element-73c1b88 elementor-widget elementor-widget-heading\" data-id=\"73c1b88\" data-element_type=\"widget\" data-e-type=\"widget\" data-widget_type=\"heading.default\">\n\t\t\t\t<div class=\"elementor-widget-container\">\n\t\t\t\t\t<h3 class=\"elementor-heading-title elementor-size-default\">F\u00f8lg oss p\u00e5 sosiale medier<\/h3>\t\t\t\t<\/div>\n\t\t\t\t<\/div>\n\t\t\t\t<div class=\"elementor-element elementor-element-534f4c4 elementor-icon-list--layout-traditional elementor-list-item-link-full_width elementor-widget elementor-widget-icon-list\" data-id=\"534f4c4\" data-element_type=\"widget\" data-e-type=\"widget\" data-widget_type=\"icon-list.default\">\n\t\t\t\t<div class=\"elementor-widget-container\">\n\t\t\t\t\t\t\t<ul class=\"elementor-icon-list-items\">\n\t\t\t\t\t\t\t<li class=\"elementor-icon-list-item\">\n\t\t\t\t\t\t\t\t\t\t\t<a href=\"https:\/\/www.facebook.com\/LauritzLodge\" target=\"_blank\">\n\n\t\t\t\t\t\t\t\t\t\t\t\t<span class=\"elementor-icon-list-icon\">\n\t\t\t\t\t\t\t<svg aria-hidden=\"true\" class=\"e-font-icon-svg e-fab-facebook\" viewBox=\"0 0 512 512\" xmlns=\"http:\/\/www.w3.org\/2000\/svg\"><path d=\"M504 256C504 119 393 8 256 8S8 119 8 256c0 123.78 90.69 226.38 209.25 245V327.69h-63V256h63v-54.64c0-62.15 37-96.48 93.67-96.48 27.14 0 55.52 4.84 55.52 4.84v61h-31.28c-30.8 0-40.41 19.12-40.41 38.73V256h68.78l-11 71.69h-57.78V501C413.31 482.38 504 379.78 504 256z\"><\/path><\/svg>\t\t\t\t\t\t<\/span>\n\t\t\t\t\t\t\t\t\t\t<span class=\"elementor-icon-list-text\">\/LauritzLodge<\/span>\n\t\t\t\t\t\t\t\t\t\t\t<\/a>\n\t\t\t\t\t\t\t\t\t<\/li>\n\t\t\t\t\t\t\t\t<li class=\"elementor-icon-list-item\">\n\t\t\t\t\t\t\t\t\t\t\t<a href=\"https:\/\/www.instagram.com\/lauritzlodge\/\" target=\"_blank\">\n\n\t\t\t\t\t\t\t\t\t\t\t\t<span class=\"elementor-icon-list-icon\">\n\t\t\t\t\t\t\t<svg aria-hidden=\"true\" class=\"e-font-icon-svg e-fab-instagram\" viewBox=\"0 0 448 512\" xmlns=\"http:\/\/www.w3.org\/2000\/svg\"><path d=\"M224.1 141c-63.6 0-114.9 51.3-114.9 114.9s51.3 114.9 114.9 114.9S339 319.5 339 255.9 287.7 141 224.1 141zm0 189.6c-41.1 0-74.7-33.5-74.7-74.7s33.5-74.7 74.7-74.7 74.7 33.5 74.7 74.7-33.6 74.7-74.7 74.7zm146.4-194.3c0 14.9-12 26.8-26.8 26.8-14.9 0-26.8-12-26.8-26.8s12-26.8 26.8-26.8 26.8 12 26.8 26.8zm76.1 27.2c-1.7-35.9-9.9-67.7-36.2-93.9-26.2-26.2-58-34.4-93.9-36.2-37-2.1-147.9-2.1-184.9 0-35.8 1.7-67.6 9.9-93.9 36.1s-34.4 58-36.2 93.9c-2.1 37-2.1 147.9 0 184.9 1.7 35.9 9.9 67.7 36.2 93.9s58 34.4 93.9 36.2c37 2.1 147.9 2.1 184.9 0 35.9-1.7 67.7-9.9 93.9-36.2 26.2-26.2 34.4-58 36.2-93.9 2.1-37 2.1-147.8 0-184.8zM398.8 388c-7.8 19.6-22.9 34.7-42.6 42.6-29.5 11.7-99.5 9-132.1 9s-102.7 2.6-132.1-9c-19.6-7.8-34.7-22.9-42.6-42.6-11.7-29.5-9-99.5-9-132.1s-2.6-102.7 9-132.1c7.8-19.6 22.9-34.7 42.6-42.6 29.5-11.7 99.5-9 132.1-9s102.7-2.6 132.1 9c19.6 7.8 34.7 22.9 42.6 42.6 11.7 29.5 9 99.5 9 132.1s2.7 102.7-9 132.1z\"><\/path><\/svg>\t\t\t\t\t\t<\/span>\n\t\t\t\t\t\t\t\t\t\t<span class=\"elementor-icon-list-text\">\/lauritzlodge<\/span>\n\t\t\t\t\t\t\t\t\t\t\t<\/a>\n\t\t\t\t\t\t\t\t\t<\/li>\n\t\t\t\t\t\t<\/ul>\n\t\t\t\t\t\t<\/div>\n\t\t\t\t<\/div>\n\t\t\t\t\t<\/div>\n\t\t<\/div>\n\t\t\t\t\t<\/div>\n\t\t<\/section>\n\t\t\t\t<\/div>\n\t\t","protected":false},"excerpt":{"rendered":"<p>Kj\u00e6re gjester V\u00e5r visjon er at Lauritz Lodge skal v\u00e6re et varmt, innbydende og eksklusivt reisem\u00e5l, kjent for \u00e5 skape minner for livet. V\u00e5rt m\u00e5l for alle v\u00e5re gjester er at roen som \u00f8ya gir, historien og kunsten, det fascinerende landskapet og opplevelsene vil gj\u00f8re oppholdet unikt. Vi \u00f8nsker deg velkommen til Lauritz Lodge! &nbsp; [&hellip;]<\/p>\n","protected":false},"author":3,"featured_media":0,"parent":0,"menu_order":0,"comment_status":"closed","ping_status":"closed","template":"","meta":{"footnotes":""},"class_list":["post-1143","page","type-page","status-publish","hentry"],"yoast_head":"<!-- This site is optimized with the Yoast SEO plugin v27.2 - https:\/\/yoast.com\/product\/yoast-seo-wordpress\/ -->\n<title>Om oss - Lauritz Lodge<\/title>\n<meta name=\"robots\" content=\"index, follow, max-snippet:-1, max-image-preview:large, max-video-preview:-1\" \/>\n<link rel=\"canonical\" href=\"https:\/\/lauritzlodge.no\/no\/om-oss\/\" \/>\n<meta property=\"og:locale\" content=\"nb_NO\" \/>\n<meta property=\"og:type\" content=\"article\" \/>\n<meta property=\"og:title\" content=\"Om oss - Lauritz Lodge\" \/>\n<meta property=\"og:description\" content=\"Kj\u00e6re gjester V\u00e5r visjon er at Lauritz Lodge skal v\u00e6re et varmt, innbydende og eksklusivt reisem\u00e5l, kjent for \u00e5 skape minner for livet. V\u00e5rt m\u00e5l for alle v\u00e5re gjester er at roen som \u00f8ya gir, historien og kunsten, det fascinerende landskapet og opplevelsene vil gj\u00f8re oppholdet unikt. Vi \u00f8nsker deg velkommen til Lauritz Lodge! &nbsp; [&hellip;]\" \/>\n<meta property=\"og:url\" content=\"https:\/\/lauritzlodge.no\/no\/om-oss\/\" \/>\n<meta property=\"og:site_name\" content=\"Lauritz Lodge\" \/>\n<meta property=\"article:publisher\" content=\"https:\/\/www.facebook.com\/LauritzLodge\/photos\" \/>\n<meta property=\"article:modified_time\" content=\"2024-04-22T10:22:21+00:00\" \/>\n<meta property=\"og:image\" content=\"https:\/\/lauritzlodge.no\/wp-content\/uploads\/2022\/09\/AG4_2040-HDR_R2.jpeg\" \/>\n\t<meta property=\"og:image:width\" content=\"2400\" \/>\n\t<meta property=\"og:image:height\" content=\"1597\" \/>\n\t<meta property=\"og:image:type\" content=\"image\/jpeg\" \/>\n<meta name=\"twitter:card\" content=\"summary_large_image\" \/>\n<script type=\"application\/ld+json\" class=\"yoast-schema-graph\">{\"@context\":\"https:\/\/schema.org\",\"@graph\":[{\"@type\":\"WebPage\",\"@id\":\"https:\/\/lauritzlodge.no\/no\/om-oss\/\",\"url\":\"https:\/\/lauritzlodge.no\/no\/om-oss\/\",\"name\":\"Om oss - Lauritz Lodge\",\"isPartOf\":{\"@id\":\"https:\/\/lauritzlodge.no\/no\/#website\"},\"datePublished\":\"2022-09-06T12:17:49+00:00\",\"dateModified\":\"2024-04-22T10:22:21+00:00\",\"breadcrumb\":{\"@id\":\"https:\/\/lauritzlodge.no\/no\/om-oss\/#breadcrumb\"},\"inLanguage\":\"nb-NO\",\"potentialAction\":[{\"@type\":\"ReadAction\",\"target\":[\"https:\/\/lauritzlodge.no\/no\/om-oss\/\"]}]},{\"@type\":\"BreadcrumbList\",\"@id\":\"https:\/\/lauritzlodge.no\/no\/om-oss\/#breadcrumb\",\"itemListElement\":[{\"@type\":\"ListItem\",\"position\":1,\"name\":\"Home\",\"item\":\"https:\/\/lauritzlodge.no\/no\/\"},{\"@type\":\"ListItem\",\"position\":2,\"name\":\"Om oss\"}]},{\"@type\":\"WebSite\",\"@id\":\"https:\/\/lauritzlodge.no\/no\/#website\",\"url\":\"https:\/\/lauritzlodge.no\/no\/\",\"name\":\"Lauritz Lodge\",\"description\":\"Unic accommodation on Kvits\u00f8y, Norway\",\"publisher\":{\"@id\":\"https:\/\/lauritzlodge.no\/no\/#organization\"},\"potentialAction\":[{\"@type\":\"SearchAction\",\"target\":{\"@type\":\"EntryPoint\",\"urlTemplate\":\"https:\/\/lauritzlodge.no\/no\/?s={search_term_string}\"},\"query-input\":{\"@type\":\"PropertyValueSpecification\",\"valueRequired\":true,\"valueName\":\"search_term_string\"}}],\"inLanguage\":\"nb-NO\"},{\"@type\":\"Organization\",\"@id\":\"https:\/\/lauritzlodge.no\/no\/#organization\",\"name\":\"Lauritz Lodge\",\"url\":\"https:\/\/lauritzlodge.no\/no\/\",\"logo\":{\"@type\":\"ImageObject\",\"inLanguage\":\"nb-NO\",\"@id\":\"https:\/\/lauritzlodge.no\/no\/#\/schema\/logo\/image\/\",\"url\":\"https:\/\/lauritzlodge.no\/wp-content\/uploads\/2022\/09\/Lauritz_Logde_oliven.svg\",\"contentUrl\":\"https:\/\/lauritzlodge.no\/wp-content\/uploads\/2022\/09\/Lauritz_Logde_oliven.svg\",\"width\":3887,\"height\":2021,\"caption\":\"Lauritz Lodge\"},\"image\":{\"@id\":\"https:\/\/lauritzlodge.no\/no\/#\/schema\/logo\/image\/\"},\"sameAs\":[\"https:\/\/www.facebook.com\/LauritzLodge\/photos\",\"https:\/\/www.instagram.com\/lauritzlodge\/\"]}]}<\/script>\n<!-- \/ Yoast SEO plugin. -->","yoast_head_json":{"title":"Om oss - Lauritz Lodge","robots":{"index":"index","follow":"follow","max-snippet":"max-snippet:-1","max-image-preview":"max-image-preview:large","max-video-preview":"max-video-preview:-1"},"canonical":"https:\/\/lauritzlodge.no\/no\/om-oss\/","og_locale":"nb_NO","og_type":"article","og_title":"Om oss - Lauritz Lodge","og_description":"Kj\u00e6re gjester V\u00e5r visjon er at Lauritz Lodge skal v\u00e6re et varmt, innbydende og eksklusivt reisem\u00e5l, kjent for \u00e5 skape minner for livet. V\u00e5rt m\u00e5l for alle v\u00e5re gjester er at roen som \u00f8ya gir, historien og kunsten, det fascinerende landskapet og opplevelsene vil gj\u00f8re oppholdet unikt. Vi \u00f8nsker deg velkommen til Lauritz Lodge! &nbsp; [&hellip;]","og_url":"https:\/\/lauritzlodge.no\/no\/om-oss\/","og_site_name":"Lauritz Lodge","article_publisher":"https:\/\/www.facebook.com\/LauritzLodge\/photos","article_modified_time":"2024-04-22T10:22:21+00:00","og_image":[{"width":2400,"height":1597,"url":"https:\/\/lauritzlodge.no\/wp-content\/uploads\/2022\/09\/AG4_2040-HDR_R2.jpeg","type":"image\/jpeg"}],"twitter_card":"summary_large_image","schema":{"@context":"https:\/\/schema.org","@graph":[{"@type":"WebPage","@id":"https:\/\/lauritzlodge.no\/no\/om-oss\/","url":"https:\/\/lauritzlodge.no\/no\/om-oss\/","name":"Om oss - Lauritz Lodge","isPartOf":{"@id":"https:\/\/lauritzlodge.no\/no\/#website"},"datePublished":"2022-09-06T12:17:49+00:00","dateModified":"2024-04-22T10:22:21+00:00","breadcrumb":{"@id":"https:\/\/lauritzlodge.no\/no\/om-oss\/#breadcrumb"},"inLanguage":"nb-NO","potentialAction":[{"@type":"ReadAction","target":["https:\/\/lauritzlodge.no\/no\/om-oss\/"]}]},{"@type":"BreadcrumbList","@id":"https:\/\/lauritzlodge.no\/no\/om-oss\/#breadcrumb","itemListElement":[{"@type":"ListItem","position":1,"name":"Home","item":"https:\/\/lauritzlodge.no\/no\/"},{"@type":"ListItem","position":2,"name":"Om oss"}]},{"@type":"WebSite","@id":"https:\/\/lauritzlodge.no\/no\/#website","url":"https:\/\/lauritzlodge.no\/no\/","name":"Lauritz Lodge","description":"Unic accommodation on Kvits\u00f8y, Norway","publisher":{"@id":"https:\/\/lauritzlodge.no\/no\/#organization"},"potentialAction":[{"@type":"SearchAction","target":{"@type":"EntryPoint","urlTemplate":"https:\/\/lauritzlodge.no\/no\/?s={search_term_string}"},"query-input":{"@type":"PropertyValueSpecification","valueRequired":true,"valueName":"search_term_string"}}],"inLanguage":"nb-NO"},{"@type":"Organization","@id":"https:\/\/lauritzlodge.no\/no\/#organization","name":"Lauritz Lodge","url":"https:\/\/lauritzlodge.no\/no\/","logo":{"@type":"ImageObject","inLanguage":"nb-NO","@id":"https:\/\/lauritzlodge.no\/no\/#\/schema\/logo\/image\/","url":"https:\/\/lauritzlodge.no\/wp-content\/uploads\/2022\/09\/Lauritz_Logde_oliven.svg","contentUrl":"https:\/\/lauritzlodge.no\/wp-content\/uploads\/2022\/09\/Lauritz_Logde_oliven.svg","width":3887,"height":2021,"caption":"Lauritz Lodge"},"image":{"@id":"https:\/\/lauritzlodge.no\/no\/#\/schema\/logo\/image\/"},"sameAs":["https:\/\/www.facebook.com\/LauritzLodge\/photos","https:\/\/www.instagram.com\/lauritzlodge\/"]}]}},"_links":{"self":[{"href":"https:\/\/lauritzlodge.no\/no\/wp-json\/wp\/v2\/pages\/1143","targetHints":{"allow":["GET"]}}],"collection":[{"href":"https:\/\/lauritzlodge.no\/no\/wp-json\/wp\/v2\/pages"}],"about":[{"href":"https:\/\/lauritzlodge.no\/no\/wp-json\/wp\/v2\/types\/page"}],"author":[{"embeddable":true,"href":"https:\/\/lauritzlodge.no\/no\/wp-json\/wp\/v2\/users\/3"}],"replies":[{"embeddable":true,"href":"https:\/\/lauritzlodge.no\/no\/wp-json\/wp\/v2\/comments?post=1143"}],"version-history":[{"count":7,"href":"https:\/\/lauritzlodge.no\/no\/wp-json\/wp\/v2\/pages\/1143\/revisions"}],"predecessor-version":[{"id":1234,"href":"https:\/\/lauritzlodge.no\/no\/wp-json\/wp\/v2\/pages\/1143\/revisions\/1234"}],"wp:attachment":[{"href":"https:\/\/lauritzlodge.no\/no\/wp-json\/wp\/v2\/media?parent=1143"}],"curies":[{"name":"wp","href":"https:\/\/api.w.org\/{rel}","templated":true}]}}