{"id":1145,"date":"2022-09-19T19:06:04","date_gmt":"2022-09-19T19:06:04","guid":{"rendered":"https:\/\/lauritzlodge.no\/personvern\/"},"modified":"2024-04-22T20:19:54","modified_gmt":"2024-04-22T20:19:54","slug":"personvern","status":"publish","type":"page","link":"https:\/\/lauritzlodge.no\/no\/personvern\/","title":{"rendered":"Personvern"},"content":{"rendered":"\t\t<div data-elementor-type=\"wp-page\" data-elementor-id=\"1145\" class=\"elementor elementor-1145 elementor-762\" data-elementor-post-type=\"page\">\n\t\t\t\t\t\t<section class=\"elementor-section elementor-top-section elementor-element elementor-element-add5a4e secPad elementor-section-boxed elementor-section-height-default elementor-section-height-default\" data-id=\"add5a4e\" data-element_type=\"section\" data-e-type=\"section\" data-settings=\"{&quot;jet_parallax_layout_list&quot;:[]}\">\n\t\t\t\t\t\t<div class=\"elementor-container elementor-column-gap-default\">\n\t\t\t\t\t<div class=\"elementor-column elementor-col-100 elementor-top-column elementor-element elementor-element-9354154\" data-id=\"9354154\" data-element_type=\"column\" data-e-type=\"column\">\n\t\t\t<div class=\"elementor-widget-wrap elementor-element-populated\">\n\t\t\t\t\t\t<div class=\"elementor-element elementor-element-dc95341 elementor-widget elementor-widget-heading\" data-id=\"dc95341\" data-element_type=\"widget\" data-e-type=\"widget\" data-widget_type=\"heading.default\">\n\t\t\t\t<div class=\"elementor-widget-container\">\n\t\t\t\t\t<h1 class=\"elementor-heading-title elementor-size-default\">Retningslinjer for personvern og informasjonskapsler <\/h1>\t\t\t\t<\/div>\n\t\t\t\t<\/div>\n\t\t\t\t<div class=\"elementor-element elementor-element-7a8cd54 elementor-widget elementor-widget-text-editor\" data-id=\"7a8cd54\" data-element_type=\"widget\" data-e-type=\"widget\" data-widget_type=\"text-editor.default\">\n\t\t\t\t<div class=\"elementor-widget-container\">\n\t\t\t\t\t\t\t\t\t<h2>Personvernerkl\u00e6ring<\/h2>\n<p>Denne personvernerkl\u00e6ringen gjelder for Lauritz Lodge v\/Anne Berit Olsens nettsider \u2013 lodge.portalnorge.dev. Lauritz Lodge v\/Anne Berit Olsen er behandlingsansvarlig for personopplysningene som samles inn p\u00e5 denne nettsiden.<\/p>\n<p>Lauritz Lodge v\/Anne Berit Olsen samler ikke inn sensitive personopplysninger.<\/p>\n<p>Personopplysninger som sendes til oss via e-post, telefon eller kontaktskjemaer vil kun bli brukt til \u00e5 kontakte deg i forbindelse med din foresp\u00f8rsel. Informasjonen vil ikke bli brukt til andre form\u00e5l enn de som er relevante for v\u00e5rt forhold til deg som kunde. Som bruker av nettstedet v\u00e5rt har du rett til tilgang til all personlig informasjon vi samler inn fra deg og detaljer om hvordan den administreres.<\/p>\n<p>Du kan ogs\u00e5 rette, slette og begrense v\u00e5r h\u00e5ndtering av dine personopplysninger i henhold til personopplysningsloven. Informasjon og personopplysninger kan slettes p\u00e5 foresp\u00f8rsel ved \u00e5 kontakte v\u00e5rt kundeservicesenter.<\/p>\n<p><strong>Kontaktinformasjon <\/strong><\/p>\n<p>Telefon <a href=\"tel:+4797516356\">+47 97 51 63 56<\/a>\u00a0\u2013 Epost <a href=\"mailto:post@lodge.portalnorge.dev\">post@lodge.portalnorge.dev<\/a><br \/>\nAnne Berit Olsen, Lauritz Haalands vei 2, 4180 Kvits\u00f8y.<\/p>\n<p>&nbsp;<\/p>\n<h3>Hva er informasjonskapsler?<\/h3>\n<p>Lauritzlodge.no bruker informasjonskapsler som de fleste andre nettsteder. Informasjonskapsler er sm\u00e5, midlertidige filer som lagres p\u00e5 datamaskinen din for \u00e5 optimalisere bruken av nettstedet v\u00e5rt. Dette utgj\u00f8r ingen sikkerhetsrisiko for deg, og du kan n\u00e5r som helst trekke tilbake ditt samtykke til \u00e5 akseptere informasjonskapsler fra denne siden. Merk at ved \u00e5 endre innstillingene for informasjonskapsler i nettleseren din, kan det p\u00e5virke andre nettsteder.<\/p>\n<p><a href=\"https:\/\/nettvett.no\/slik-administrer-du-informasjonskapsler\/\">L\u00e6r hvordan du administrerer informasjonskapsler<\/a> (Nettvett.no)<\/p>\n<p>&nbsp;<\/p>\n\t\t\t\t\t\t\t\t<\/div>\n\t\t\t\t<\/div>\n\t\t\t\t<div class=\"elementor-element elementor-element-79d3fd2 elementor-widget elementor-widget-heading\" data-id=\"79d3fd2\" data-element_type=\"widget\" data-e-type=\"widget\" data-widget_type=\"heading.default\">\n\t\t\t\t<div class=\"elementor-widget-container\">\n\t\t\t\t\t<h2 class=\"elementor-heading-title elementor-size-default\">Cookies<\/h2>\t\t\t\t<\/div>\n\t\t\t\t<\/div>\n\t\t\t\t<div class=\"elementor-element elementor-element-7408bf0 elementor-widget elementor-widget-html\" data-id=\"7408bf0\" data-element_type=\"widget\" data-e-type=\"widget\" data-widget_type=\"html.default\">\n\t\t\t\t<div class=\"elementor-widget-container\">\n\t\t\t\t\t<script id=\"CookieDeclaration\" src=\"https:\/\/consent.cookiebot.com\/df7c9669-975d-4916-9805-1df1b4643bff\/cd.js\" type=\"text\/javascript\" async><\/script>\t\t\t\t<\/div>\n\t\t\t\t<\/div>\n\t\t\t\t\t<\/div>\n\t\t<\/div>\n\t\t\t\t\t<\/div>\n\t\t<\/section>\n\t\t\t\t<\/div>\n\t\t","protected":false},"excerpt":{"rendered":"<p>Retningslinjer for personvern og informasjonskapsler Personvernerkl\u00e6ring Denne personvernerkl\u00e6ringen gjelder for Lauritz Lodge v\/Anne Berit Olsens nettsider \u2013 lodge.portalnorge.dev. Lauritz Lodge v\/Anne Berit Olsen er behandlingsansvarlig for personopplysningene som samles inn p\u00e5 denne nettsiden. Lauritz Lodge v\/Anne Berit Olsen samler ikke inn sensitive personopplysninger. Personopplysninger som sendes til oss via e-post, telefon eller kontaktskjemaer vil kun [&hellip;]<\/p>\n","protected":false},"author":3,"featured_media":0,"parent":0,"menu_order":0,"comment_status":"closed","ping_status":"closed","template":"","meta":{"footnotes":""},"class_list":["post-1145","page","type-page","status-publish","hentry"],"yoast_head":"<!-- This site is optimized with the Yoast SEO plugin v27.2 - https:\/\/yoast.com\/product\/yoast-seo-wordpress\/ -->\n<title>Personvern - Lauritz Lodge<\/title>\n<meta name=\"robots\" content=\"index, follow, max-snippet:-1, max-image-preview:large, max-video-preview:-1\" \/>\n<link rel=\"canonical\" href=\"https:\/\/lauritzlodge.no\/no\/personvern\/\" \/>\n<meta property=\"og:locale\" content=\"nb_NO\" \/>\n<meta property=\"og:type\" content=\"article\" \/>\n<meta property=\"og:title\" content=\"Personvern - Lauritz Lodge\" \/>\n<meta property=\"og:description\" content=\"Retningslinjer for personvern og informasjonskapsler Personvernerkl\u00e6ring Denne personvernerkl\u00e6ringen gjelder for Lauritz Lodge v\/Anne Berit Olsens nettsider \u2013 lodge.portalnorge.dev. Lauritz Lodge v\/Anne Berit Olsen er behandlingsansvarlig for personopplysningene som samles inn p\u00e5 denne nettsiden. Lauritz Lodge v\/Anne Berit Olsen samler ikke inn sensitive personopplysninger. Personopplysninger som sendes til oss via e-post, telefon eller kontaktskjemaer vil kun [&hellip;]\" \/>\n<meta property=\"og:url\" content=\"https:\/\/lauritzlodge.no\/no\/personvern\/\" \/>\n<meta property=\"og:site_name\" content=\"Lauritz Lodge\" \/>\n<meta property=\"article:publisher\" content=\"https:\/\/www.facebook.com\/LauritzLodge\/photos\" \/>\n<meta property=\"article:modified_time\" content=\"2024-04-22T20:19:54+00:00\" \/>\n<meta property=\"og:image\" content=\"https:\/\/lauritzlodge.no\/wp-content\/uploads\/2022\/09\/AG4_2040-HDR_R2.jpeg\" \/>\n\t<meta property=\"og:image:width\" content=\"2400\" \/>\n\t<meta property=\"og:image:height\" content=\"1597\" \/>\n\t<meta property=\"og:image:type\" content=\"image\/jpeg\" \/>\n<meta name=\"twitter:card\" content=\"summary_large_image\" \/>\n<meta name=\"twitter:label1\" content=\"Ansl. lesetid\" \/>\n\t<meta name=\"twitter:data1\" content=\"1 minutt\" \/>\n<script type=\"application\/ld+json\" class=\"yoast-schema-graph\">{\"@context\":\"https:\/\/schema.org\",\"@graph\":[{\"@type\":\"WebPage\",\"@id\":\"https:\/\/lauritzlodge.no\/no\/personvern\/\",\"url\":\"https:\/\/lauritzlodge.no\/no\/personvern\/\",\"name\":\"Personvern - Lauritz Lodge\",\"isPartOf\":{\"@id\":\"https:\/\/lauritzlodge.no\/no\/#website\"},\"datePublished\":\"2022-09-19T19:06:04+00:00\",\"dateModified\":\"2024-04-22T20:19:54+00:00\",\"breadcrumb\":{\"@id\":\"https:\/\/lauritzlodge.no\/no\/personvern\/#breadcrumb\"},\"inLanguage\":\"nb-NO\",\"potentialAction\":[{\"@type\":\"ReadAction\",\"target\":[\"https:\/\/lauritzlodge.no\/no\/personvern\/\"]}]},{\"@type\":\"BreadcrumbList\",\"@id\":\"https:\/\/lauritzlodge.no\/no\/personvern\/#breadcrumb\",\"itemListElement\":[{\"@type\":\"ListItem\",\"position\":1,\"name\":\"Home\",\"item\":\"https:\/\/lauritzlodge.no\/no\/\"},{\"@type\":\"ListItem\",\"position\":2,\"name\":\"Personvern\"}]},{\"@type\":\"WebSite\",\"@id\":\"https:\/\/lauritzlodge.no\/no\/#website\",\"url\":\"https:\/\/lauritzlodge.no\/no\/\",\"name\":\"Lauritz Lodge\",\"description\":\"Unic accommodation on Kvits\u00f8y, Norway\",\"publisher\":{\"@id\":\"https:\/\/lauritzlodge.no\/no\/#organization\"},\"potentialAction\":[{\"@type\":\"SearchAction\",\"target\":{\"@type\":\"EntryPoint\",\"urlTemplate\":\"https:\/\/lauritzlodge.no\/no\/?s={search_term_string}\"},\"query-input\":{\"@type\":\"PropertyValueSpecification\",\"valueRequired\":true,\"valueName\":\"search_term_string\"}}],\"inLanguage\":\"nb-NO\"},{\"@type\":\"Organization\",\"@id\":\"https:\/\/lauritzlodge.no\/no\/#organization\",\"name\":\"Lauritz Lodge\",\"url\":\"https:\/\/lauritzlodge.no\/no\/\",\"logo\":{\"@type\":\"ImageObject\",\"inLanguage\":\"nb-NO\",\"@id\":\"https:\/\/lauritzlodge.no\/no\/#\/schema\/logo\/image\/\",\"url\":\"https:\/\/lauritzlodge.no\/wp-content\/uploads\/2022\/09\/Lauritz_Logde_oliven.svg\",\"contentUrl\":\"https:\/\/lauritzlodge.no\/wp-content\/uploads\/2022\/09\/Lauritz_Logde_oliven.svg\",\"width\":3887,\"height\":2021,\"caption\":\"Lauritz Lodge\"},\"image\":{\"@id\":\"https:\/\/lauritzlodge.no\/no\/#\/schema\/logo\/image\/\"},\"sameAs\":[\"https:\/\/www.facebook.com\/LauritzLodge\/photos\",\"https:\/\/www.instagram.com\/lauritzlodge\/\"]}]}<\/script>\n<!-- \/ Yoast SEO plugin. -->","yoast_head_json":{"title":"Personvern - Lauritz Lodge","robots":{"index":"index","follow":"follow","max-snippet":"max-snippet:-1","max-image-preview":"max-image-preview:large","max-video-preview":"max-video-preview:-1"},"canonical":"https:\/\/lauritzlodge.no\/no\/personvern\/","og_locale":"nb_NO","og_type":"article","og_title":"Personvern - Lauritz Lodge","og_description":"Retningslinjer for personvern og informasjonskapsler Personvernerkl\u00e6ring Denne personvernerkl\u00e6ringen gjelder for Lauritz Lodge v\/Anne Berit Olsens nettsider \u2013 lodge.portalnorge.dev. Lauritz Lodge v\/Anne Berit Olsen er behandlingsansvarlig for personopplysningene som samles inn p\u00e5 denne nettsiden. Lauritz Lodge v\/Anne Berit Olsen samler ikke inn sensitive personopplysninger. Personopplysninger som sendes til oss via e-post, telefon eller kontaktskjemaer vil kun [&hellip;]","og_url":"https:\/\/lauritzlodge.no\/no\/personvern\/","og_site_name":"Lauritz Lodge","article_publisher":"https:\/\/www.facebook.com\/LauritzLodge\/photos","article_modified_time":"2024-04-22T20:19:54+00:00","og_image":[{"width":2400,"height":1597,"url":"https:\/\/lauritzlodge.no\/wp-content\/uploads\/2022\/09\/AG4_2040-HDR_R2.jpeg","type":"image\/jpeg"}],"twitter_card":"summary_large_image","twitter_misc":{"Ansl. lesetid":"1 minutt"},"schema":{"@context":"https:\/\/schema.org","@graph":[{"@type":"WebPage","@id":"https:\/\/lauritzlodge.no\/no\/personvern\/","url":"https:\/\/lauritzlodge.no\/no\/personvern\/","name":"Personvern - Lauritz Lodge","isPartOf":{"@id":"https:\/\/lauritzlodge.no\/no\/#website"},"datePublished":"2022-09-19T19:06:04+00:00","dateModified":"2024-04-22T20:19:54+00:00","breadcrumb":{"@id":"https:\/\/lauritzlodge.no\/no\/personvern\/#breadcrumb"},"inLanguage":"nb-NO","potentialAction":[{"@type":"ReadAction","target":["https:\/\/lauritzlodge.no\/no\/personvern\/"]}]},{"@type":"BreadcrumbList","@id":"https:\/\/lauritzlodge.no\/no\/personvern\/#breadcrumb","itemListElement":[{"@type":"ListItem","position":1,"name":"Home","item":"https:\/\/lauritzlodge.no\/no\/"},{"@type":"ListItem","position":2,"name":"Personvern"}]},{"@type":"WebSite","@id":"https:\/\/lauritzlodge.no\/no\/#website","url":"https:\/\/lauritzlodge.no\/no\/","name":"Lauritz Lodge","description":"Unic accommodation on Kvits\u00f8y, Norway","publisher":{"@id":"https:\/\/lauritzlodge.no\/no\/#organization"},"potentialAction":[{"@type":"SearchAction","target":{"@type":"EntryPoint","urlTemplate":"https:\/\/lauritzlodge.no\/no\/?s={search_term_string}"},"query-input":{"@type":"PropertyValueSpecification","valueRequired":true,"valueName":"search_term_string"}}],"inLanguage":"nb-NO"},{"@type":"Organization","@id":"https:\/\/lauritzlodge.no\/no\/#organization","name":"Lauritz Lodge","url":"https:\/\/lauritzlodge.no\/no\/","logo":{"@type":"ImageObject","inLanguage":"nb-NO","@id":"https:\/\/lauritzlodge.no\/no\/#\/schema\/logo\/image\/","url":"https:\/\/lauritzlodge.no\/wp-content\/uploads\/2022\/09\/Lauritz_Logde_oliven.svg","contentUrl":"https:\/\/lauritzlodge.no\/wp-content\/uploads\/2022\/09\/Lauritz_Logde_oliven.svg","width":3887,"height":2021,"caption":"Lauritz Lodge"},"image":{"@id":"https:\/\/lauritzlodge.no\/no\/#\/schema\/logo\/image\/"},"sameAs":["https:\/\/www.facebook.com\/LauritzLodge\/photos","https:\/\/www.instagram.com\/lauritzlodge\/"]}]}},"_links":{"self":[{"href":"https:\/\/lauritzlodge.no\/no\/wp-json\/wp\/v2\/pages\/1145","targetHints":{"allow":["GET"]}}],"collection":[{"href":"https:\/\/lauritzlodge.no\/no\/wp-json\/wp\/v2\/pages"}],"about":[{"href":"https:\/\/lauritzlodge.no\/no\/wp-json\/wp\/v2\/types\/page"}],"author":[{"embeddable":true,"href":"https:\/\/lauritzlodge.no\/no\/wp-json\/wp\/v2\/users\/3"}],"replies":[{"embeddable":true,"href":"https:\/\/lauritzlodge.no\/no\/wp-json\/wp\/v2\/comments?post=1145"}],"version-history":[{"count":2,"href":"https:\/\/lauritzlodge.no\/no\/wp-json\/wp\/v2\/pages\/1145\/revisions"}],"predecessor-version":[{"id":1255,"href":"https:\/\/lauritzlodge.no\/no\/wp-json\/wp\/v2\/pages\/1145\/revisions\/1255"}],"wp:attachment":[{"href":"https:\/\/lauritzlodge.no\/no\/wp-json\/wp\/v2\/media?parent=1145"}],"curies":[{"name":"wp","href":"https:\/\/api.w.org\/{rel}","templated":true}]}}