{"id":1147,"date":"2022-11-23T01:40:26","date_gmt":"2022-11-23T01:40:26","guid":{"rendered":"https:\/\/lauritzlodge.no\/booking\/"},"modified":"2024-04-26T13:04:49","modified_gmt":"2024-04-26T13:04:49","slug":"bestill","status":"publish","type":"page","link":"https:\/\/lauritzlodge.no\/no\/bestill\/","title":{"rendered":"Bestill"},"content":{"rendered":"\t\t<div data-elementor-type=\"wp-page\" data-elementor-id=\"1147\" class=\"elementor elementor-1147 elementor-873\" data-elementor-post-type=\"page\">\n\t\t\t\t\t\t<section class=\"elementor-section elementor-top-section elementor-element elementor-element-3ba1bb3 secPadLowBottom elementor-section-boxed elementor-section-height-default elementor-section-height-default\" data-id=\"3ba1bb3\" data-element_type=\"section\" data-e-type=\"section\" data-settings=\"{&quot;jet_parallax_layout_list&quot;:[]}\">\n\t\t\t\t\t\t<div class=\"elementor-container elementor-column-gap-default\">\n\t\t\t\t\t<div class=\"elementor-column elementor-col-100 elementor-top-column elementor-element elementor-element-3975958\" data-id=\"3975958\" data-element_type=\"column\" data-e-type=\"column\">\n\t\t\t<div class=\"elementor-widget-wrap elementor-element-populated\">\n\t\t\t\t\t\t<div class=\"elementor-element elementor-element-ab49856 elementor-widget elementor-widget-heading\" data-id=\"ab49856\" data-element_type=\"widget\" data-e-type=\"widget\" data-widget_type=\"heading.default\">\n\t\t\t\t<div class=\"elementor-widget-container\">\n\t\t\t\t\t<h1 class=\"elementor-heading-title elementor-size-default\">Bestill<\/h1>\t\t\t\t<\/div>\n\t\t\t\t<\/div>\n\t\t\t\t\t<\/div>\n\t\t<\/div>\n\t\t\t\t\t<\/div>\n\t\t<\/section>\n\t\t\t\t<section class=\"elementor-section elementor-top-section elementor-element elementor-element-ee221e8 secPadLow elementor-section-boxed elementor-section-height-default elementor-section-height-default\" data-id=\"ee221e8\" data-element_type=\"section\" data-e-type=\"section\" data-settings=\"{&quot;jet_parallax_layout_list&quot;:[]}\">\n\t\t\t\t\t\t<div class=\"elementor-container elementor-column-gap-default\">\n\t\t\t\t\t<div class=\"elementor-column elementor-col-100 elementor-top-column elementor-element elementor-element-d78de5e\" data-id=\"d78de5e\" data-element_type=\"column\" data-e-type=\"column\">\n\t\t\t<div class=\"elementor-widget-wrap elementor-element-populated\">\n\t\t\t\t\t\t<div class=\"elementor-element elementor-element-644a80f elementor-widget elementor-widget-html\" data-id=\"644a80f\" data-element_type=\"widget\" data-e-type=\"widget\" data-widget_type=\"html.default\">\n\t\t\t\t<div class=\"elementor-widget-container\">\n\t\t\t\t\t<script type=\"text\/javascript\">\r\n\/\/ change the following values to match your settings\r\nvar planyo_site_id='63289'; \/\/ ID of your planyo site\r\nvar planyo_default_mode='reserve'; \/\/ one of: 'resource_list' (displays list of resources with photos, descriptions etc.), 'search' (displays the search box), 'empty' (will not display anything by default but will require you to either pass the resource ID as parameter in the URL (resource_id) or add an external search box or calendar preview), 'upcoming_availability' (displays a quick list of all upcoming availability)\r\nvar extra_search_fields=''; \/\/ comma-separated extra fields in the search box, e.g. 'Number of persons'. You first need to define them in settings\/custom resource properties\r\nvar sort_fields=''; \/\/ comma-separated sort fields for the search box -- a single field will hide the sort dropdown box\r\nvar planyo_resource_ordering='name'; \/\/ optional sort criterium for resource list\r\nvar planyo_include_js_library=true; \/\/ set this to true if jQuery (required) should be included by this plugin, or false if your website already includes jQuery\r\nvar planyo_attribs='resource_id=213633&mode=reserve&custom-language=no&planyo_lang=NO&lang=NO&custom-language=NO'; \/\/ optionally you can insert the attribute string here\r\nvar planyo_resource_id=''; \/\/ optional: ID of the resource being reserved\r\nvar planyo_language='NO'; \/\/ you can optionally change the language here, e.g. 'FR' or 'ES' or pass the languge in the 'lang' parameter. 'AUTO' means the language is detected automatically\r\nvar ulap_script=\"jsonp\"; \/\/ leave this as \"jsonp\" for a plain-javascript implementation --OR-- if using a php\/asp.net\/java implementation, one of the ULAP scripts: \"ulap.php\", \"ulap.aspx\", \"ulap.jsp\", in such case you must download the advanced integration Planyo files from http:\/\/www.planyo.com\/Plugins\/PlanyoFiles\/planyo-files.zip\r\nvar planyo_use_https=true; \/\/ set this to true if embedding planyo on a secure website (SSL)\r\nvar planyo_files_location=(planyo_use_https ? \"https\" : \"http\") + ':\/\/www.planyo.com\/Plugins\/PlanyoFiles'; \/\/ relative or absolute directory where the planyo files are kept (leave unchanged for plain-javascript implementation, otherwise e.g. '\/planyo-files' when using the ULAP scripts)\r\nvar empty_mode=false; \/\/ should be always set to false\r\n<\/script>\r\n\r\n<script type=\"text\/javascript\">\r\nfunction get_param (name) {name = name.replace(\/[\\[]\/,\"\\\\\\[\").replace(\/[\\]]\/,\"\\\\\\]\");var regexS = \"[\\\\?&]\"+name+\"=([^&#]*)\";var regex = new RegExp (regexS);var results = regex.exec (window.location.href);if (results == null) return null;else  return results[1];}\r\nif (get_param('mode'))planyo_embed_mode = get_param('mode');\r\nfunction get_full_planyo_file_path(name) {if(planyo_files_location.length==0||planyo_files_location.lastIndexOf('\/')==planyo_files_location.length-1)return planyo_files_location+name; else return planyo_files_location+'\/'+name;}\r\n<\/script>\r\n\r\n<link rel='stylesheet' href='https:\/\/www.planyo.com\/schemes\/?calendar=63289&detect_mobile=auto&sel=scheme_css' type='text\/css' \/>\r\n<div id='planyo_content' class='planyo'><img src='https:\/\/www.planyo.com\/images\/hourglass.gif' align='middle' \/><\/div>\r\n<script type='text\/javascript' src='https:\/\/www.planyo.com\/Plugins\/PlanyoFiles\/jquery.min.js'><\/script>\r\n<script src='https:\/\/www.planyo.com\/Plugins\/PlanyoFiles\/booking-utils.js' type='text\/javascript'><\/script>\r\n<noscript><a href='http:\/\/www.planyo.com\/about-calendar.php?calendar=63289&planyo_lang=NO'>Make a reservation<\/a><br\/><br\/><a href='http:\/\/www.planyo.com\/'>Reservation system powered by Planyo<\/a><\/noscript>\r\n\t\t\t\t<\/div>\n\t\t\t\t<\/div>\n\t\t\t\t\t<\/div>\n\t\t<\/div>\n\t\t\t\t\t<\/div>\n\t\t<\/section>\n\t\t\t\t<section class=\"elementor-section elementor-top-section elementor-element elementor-element-15dbde3 secPadLowTop elementor-section-boxed elementor-section-height-default elementor-section-height-default\" data-id=\"15dbde3\" data-element_type=\"section\" data-e-type=\"section\" data-settings=\"{&quot;jet_parallax_layout_list&quot;:[]}\">\n\t\t\t\t\t\t<div class=\"elementor-container elementor-column-gap-default\">\n\t\t\t\t\t<div class=\"elementor-column elementor-col-100 elementor-top-column elementor-element elementor-element-0a14fa1\" data-id=\"0a14fa1\" data-element_type=\"column\" data-e-type=\"column\">\n\t\t\t<div class=\"elementor-widget-wrap elementor-element-populated\">\n\t\t\t\t\t\t<div class=\"elementor-element elementor-element-915decc elementor-hidden-desktop elementor-hidden-tablet elementor-hidden-mobile elementor-widget elementor-widget-jet-table\" data-id=\"915decc\" data-element_type=\"widget\" data-e-type=\"widget\" data-widget_type=\"jet-table.default\">\n\t\t\t\t<div class=\"elementor-widget-container\">\n\t\t\t\t\t<div class=\"elementor-jet-table jet-elements\">\n\t\t<div class=\"jet-table-wrapper\">\n\t\t\t<table class=\"jet-table jet-table--fa5-compat\">\n\t\t\t\t<thead class=\"jet-table__head\"><tr class=\"jet-table__head-row\"><th class=\"jet-table__cell elementor-repeater-item-359fd90 jet-table__head-cell\" scope=\"col\"><div class=\"jet-table__cell-inner\"><div class=\"jet-table__cell-content\"><div class=\"jet-table__cell-text\">Lavsesong (okt.-mars) pr. natt*<\/div><\/div><\/div><\/th><th class=\"jet-table__cell elementor-repeater-item-7089e26 jet-table__head-cell\" scope=\"col\"><div class=\"jet-table__cell-inner\"><div class=\"jet-table__cell-content\"><\/div><\/div><\/th><\/tr><\/thead>\n\t\t\t\t\t\t\t\t<tbody class=\"jet-table__body\"><tr class=\"jet-table__body-row elementor-repeater-item-160322f\"><td class=\"jet-table__cell elementor-repeater-item-95f3813 jet-table__body-cell\"><div class=\"jet-table__cell-inner\"><div class=\"jet-table__cell-content\"><div class=\"jet-table__cell-text\">Ukedag<\/div><\/div><\/div><\/td><td class=\"jet-table__cell elementor-repeater-item-ec399bd jet-table__body-cell\"><div class=\"jet-table__cell-inner\"><div class=\"jet-table__cell-content\"><div class=\"jet-table__cell-text\">Kr 2\u2009900,\u2013<\/div><\/div><\/div><\/td><\/tr><tr class=\"jet-table__body-row elementor-repeater-item-8ee5c4d\"><td class=\"jet-table__cell elementor-repeater-item-6fe947d jet-table__body-cell\"><div class=\"jet-table__cell-inner\"><div class=\"jet-table__cell-content\"><div class=\"jet-table__cell-text\">Helg<\/div><\/div><\/div><\/td><td class=\"jet-table__cell elementor-repeater-item-e0fa250 jet-table__body-cell\"><div class=\"jet-table__cell-inner\"><div class=\"jet-table__cell-content\"><div class=\"jet-table__cell-text\">Kr 3\u2009300,\u2013<\/div><\/div><\/div><\/td><\/tr><tr class=\"jet-table__body-row elementor-repeater-item-e85d7dc\"><td class=\"jet-table__cell elementor-repeater-item-14bbd43 jet-table__body-cell\"><div class=\"jet-table__cell-inner\"><div class=\"jet-table__cell-content\"><div class=\"jet-table__cell-text\">Helg, fredag-s\u00f8ndag<\/div><\/div><\/div><\/td><td class=\"jet-table__cell elementor-repeater-item-7a0b810 jet-table__body-cell\"><div class=\"jet-table__cell-inner\"><div class=\"jet-table__cell-content\"><div class=\"jet-table__cell-text\">Kr 6\u2009100,\u2013<\/div><\/div><\/div><\/td><\/tr><\/tbody>\n\t\t\t<\/table>\n\t\t<\/div>\n\n\t\t<\/div>\t\t\t\t<\/div>\n\t\t\t\t<\/div>\n\t\t\t\t<div class=\"elementor-element elementor-element-1a952c6 elementor-hidden-desktop elementor-hidden-tablet elementor-hidden-mobile elementor-widget elementor-widget-jet-table\" data-id=\"1a952c6\" data-element_type=\"widget\" data-e-type=\"widget\" data-widget_type=\"jet-table.default\">\n\t\t\t\t<div class=\"elementor-widget-container\">\n\t\t\t\t\t<div class=\"elementor-jet-table jet-elements\">\n\t\t<div class=\"jet-table-wrapper\">\n\t\t\t<table class=\"jet-table jet-table--fa5-compat\">\n\t\t\t\t<thead class=\"jet-table__head\"><tr class=\"jet-table__head-row\"><th class=\"jet-table__cell elementor-repeater-item-359fd90 jet-table__head-cell\" scope=\"col\"><div class=\"jet-table__cell-inner\"><div class=\"jet-table__cell-content\"><div class=\"jet-table__cell-text\">H\u00f8ysesong (april-sept.) pr. natt*<\/div><\/div><\/div><\/th><th class=\"jet-table__cell elementor-repeater-item-7089e26 jet-table__head-cell\" scope=\"col\"><div class=\"jet-table__cell-inner\"><div class=\"jet-table__cell-content\"><\/div><\/div><\/th><\/tr><\/thead>\n\t\t\t\t\t\t\t\t<tbody class=\"jet-table__body\"><tr class=\"jet-table__body-row elementor-repeater-item-160322f\"><td class=\"jet-table__cell elementor-repeater-item-95f3813 jet-table__body-cell\"><div class=\"jet-table__cell-inner\"><div class=\"jet-table__cell-content\"><div class=\"jet-table__cell-text\">Ukedag<\/div><\/div><\/div><\/td><td class=\"jet-table__cell elementor-repeater-item-ec399bd jet-table__body-cell\"><div class=\"jet-table__cell-inner\"><div class=\"jet-table__cell-content\"><div class=\"jet-table__cell-text\">Kr 3\u2009200,\u2013<\/div><\/div><\/div><\/td><\/tr><tr class=\"jet-table__body-row elementor-repeater-item-8ee5c4d\"><td class=\"jet-table__cell elementor-repeater-item-6fe947d jet-table__body-cell\"><div class=\"jet-table__cell-inner\"><div class=\"jet-table__cell-content\"><div class=\"jet-table__cell-text\">Helg<\/div><\/div><\/div><\/td><td class=\"jet-table__cell elementor-repeater-item-e0fa250 jet-table__body-cell\"><div class=\"jet-table__cell-inner\"><div class=\"jet-table__cell-content\"><div class=\"jet-table__cell-text\">Kr 3\u2009600,\u2013<\/div><\/div><\/div><\/td><\/tr><tr class=\"jet-table__body-row elementor-repeater-item-e85d7dc\"><td class=\"jet-table__cell elementor-repeater-item-14bbd43 jet-table__body-cell\"><div class=\"jet-table__cell-inner\"><div class=\"jet-table__cell-content\"><div class=\"jet-table__cell-text\">Helg, fredag-s\u00f8ndag<\/div><\/div><\/div><\/td><td class=\"jet-table__cell elementor-repeater-item-7a0b810 jet-table__body-cell\"><div class=\"jet-table__cell-inner\"><div class=\"jet-table__cell-content\"><div class=\"jet-table__cell-text\">Kr 6\u2009700,\u2013<\/div><\/div><\/div><\/td><\/tr><\/tbody>\n\t\t\t<\/table>\n\t\t<\/div>\n\n\t\t<\/div>\t\t\t\t<\/div>\n\t\t\t\t<\/div>\n\t\t\t\t<div class=\"elementor-element elementor-element-d488c17 elementor-hidden-desktop elementor-hidden-tablet elementor-hidden-mobile elementor-widget elementor-widget-text-editor\" data-id=\"d488c17\" data-element_type=\"widget\" data-e-type=\"widget\" data-widget_type=\"text-editor.default\">\n\t\t\t\t<div class=\"elementor-widget-container\">\n\t\t\t\t\t\t\t\t\t<p>* Prisene er for to personer. Det p\u00e5l\u00f8per et tillegg p\u00e5 kr 700 per ekstra person per natt, maksimalt 2 + 3 personer. Innsjekking kl. 15:00. Utsjekking kl. 11:00.<\/p>\n\t\t\t\t\t\t\t\t<\/div>\n\t\t\t\t<\/div>\n\t\t\t\t<div class=\"elementor-element elementor-element-22e4432 elementor-widget-divider--view-line elementor-widget elementor-widget-divider\" data-id=\"22e4432\" data-element_type=\"widget\" data-e-type=\"widget\" data-widget_type=\"divider.default\">\n\t\t\t\t<div class=\"elementor-widget-container\">\n\t\t\t\t\t\t\t<div class=\"elementor-divider\">\n\t\t\t<span class=\"elementor-divider-separator\">\n\t\t\t\t\t\t<\/span>\n\t\t<\/div>\n\t\t\t\t\t\t<\/div>\n\t\t\t\t<\/div>\n\t\t\t\t<div class=\"elementor-element elementor-element-288bbb8 elementor-widget elementor-widget-text-editor\" data-id=\"288bbb8\" data-element_type=\"widget\" data-e-type=\"widget\" data-widget_type=\"text-editor.default\">\n\t\t\t\t<div class=\"elementor-widget-container\">\n\t\t\t\t\t\t\t\t\t<h2>Vilk\u00e5r og betingelser<\/h2>\n<h3>Innsjekk og utsjekk<\/h3>\n<p>Innsjekk: Fra kl. 15.00<br \/>\nUtsjekk: kl. 11.00<\/p>\n<h3>Avbestillingsregler<\/h3>\n<p>Eventuell avbestilling gj\u00f8res p\u00e5 e-post til\u00a0<a href=\"mailto:post@lodge.portalnorge.dev\">post@lodge.portalnorge.dev<\/a><br \/>\nAvbestilling fire uker f\u00f8r = 100 % refusjon.<br \/>\nAvbestilling to uker f\u00f8r = 50 % refusjon.<br \/>\nAvbestilling senere enn to uker = ingen refusjon.<\/p>\n<h3>Parkering og lading<\/h3>\n<p>Vi har gratis parkering for v\u00e5re gjester rett utenfor lodgen. I tillegg er det gratis lading av elbil.<\/p>\n<h3>Kj\u00e6ledyr og r\u00f8yking<\/h3>\n<p>Kj\u00e6ledyr og r\u00f8yking er dessverre ikke tillatt i lodgen.<\/p>\n<h3>Eventuelle skader<\/h3>\n<p>Leietaker m\u00e5 v\u00e6re over 20 \u00e5r og vil v\u00e6re ansvarlig for lodgen, utstyr, inventar og uteplass under oppholdet. Eventuelle skader grunnet uaktsomhet kan belastes leietaker.<\/p>\n<h3>Rengj\u00f8ring<\/h3>\n<p>Rengj\u00f8ring ved utsjekk er inkludert i prisen.<\/p>\n<h3>Mat og matlaging<\/h3>\n<p>Dette er et selvbetjent konsept, og lodgen har et velutstyrt kj\u00f8kken klar til bruk. Det er en dagligvarebutikk (Prix) og en kaffebar (1144 Kaffebar) ca. 200 meter fra lodgen.<\/p>\n<p>Om \u00f8nskelig kan vi tilby ulike \u00abmatpakker\u00bb fra Matboden\/Gr\u00f8ningen. Dette m\u00e5 bestilles f\u00f8r oppholdet.<\/p>\n\t\t\t\t\t\t\t\t<\/div>\n\t\t\t\t<\/div>\n\t\t\t\t\t<\/div>\n\t\t<\/div>\n\t\t\t\t\t<\/div>\n\t\t<\/section>\n\t\t\t\t<\/div>\n\t\t","protected":false},"excerpt":{"rendered":"<p>Bestill et opphold p\u00e5 Lauritz Lodge p\u00e5 Kvits\u00f8y, en nydelig \u00f8y like utenfor Stavanger.<\/p>\n","protected":false},"author":2,"featured_media":1040,"parent":0,"menu_order":0,"comment_status":"closed","ping_status":"closed","template":"","meta":{"footnotes":""},"class_list":["post-1147","page","type-page","status-publish","has-post-thumbnail","hentry"],"yoast_head":"<!-- This site is optimized with the Yoast SEO plugin v27.2 - https:\/\/yoast.com\/product\/yoast-seo-wordpress\/ -->\n<title>Bestill - Lauritz Lodge<\/title>\n<meta name=\"robots\" content=\"index, follow, max-snippet:-1, max-image-preview:large, max-video-preview:-1\" \/>\n<link rel=\"canonical\" href=\"https:\/\/lauritzlodge.no\/no\/bestill\/\" \/>\n<meta property=\"og:locale\" content=\"nb_NO\" \/>\n<meta property=\"og:type\" content=\"article\" \/>\n<meta property=\"og:title\" content=\"Bestill - Lauritz Lodge\" \/>\n<meta property=\"og:description\" content=\"Bestill et opphold p\u00e5 Lauritz Lodge p\u00e5 Kvits\u00f8y, en nydelig \u00f8y like utenfor Stavanger.\" \/>\n<meta property=\"og:url\" content=\"https:\/\/lauritzlodge.no\/no\/bestill\/\" \/>\n<meta property=\"og:site_name\" content=\"Lauritz Lodge\" \/>\n<meta property=\"article:publisher\" content=\"https:\/\/www.facebook.com\/LauritzLodge\/photos\" \/>\n<meta property=\"article:modified_time\" content=\"2024-04-26T13:04:49+00:00\" \/>\n<meta property=\"og:image\" content=\"https:\/\/lauritzlodge.no\/wp-content\/uploads\/2022\/09\/AG4_2252_R2_crop.jpg\" \/>\n\t<meta property=\"og:image:width\" content=\"2400\" \/>\n\t<meta property=\"og:image:height\" content=\"1597\" \/>\n\t<meta property=\"og:image:type\" content=\"image\/jpeg\" \/>\n<meta name=\"twitter:card\" content=\"summary_large_image\" \/>\n<meta name=\"twitter:label1\" content=\"Ansl. lesetid\" \/>\n\t<meta name=\"twitter:data1\" content=\"5 minutter\" \/>\n<script type=\"application\/ld+json\" class=\"yoast-schema-graph\">{\"@context\":\"https:\/\/schema.org\",\"@graph\":[{\"@type\":\"WebPage\",\"@id\":\"https:\/\/lauritzlodge.no\/no\/bestill\/\",\"url\":\"https:\/\/lauritzlodge.no\/no\/bestill\/\",\"name\":\"Bestill - Lauritz Lodge\",\"isPartOf\":{\"@id\":\"https:\/\/lauritzlodge.no\/no\/#website\"},\"primaryImageOfPage\":{\"@id\":\"https:\/\/lauritzlodge.no\/no\/bestill\/#primaryimage\"},\"image\":{\"@id\":\"https:\/\/lauritzlodge.no\/no\/bestill\/#primaryimage\"},\"thumbnailUrl\":\"https:\/\/lauritzlodge.no\/wp-content\/uploads\/2022\/09\/AG4_2252_R2_crop.jpg\",\"datePublished\":\"2022-11-23T01:40:26+00:00\",\"dateModified\":\"2024-04-26T13:04:49+00:00\",\"breadcrumb\":{\"@id\":\"https:\/\/lauritzlodge.no\/no\/bestill\/#breadcrumb\"},\"inLanguage\":\"nb-NO\",\"potentialAction\":[{\"@type\":\"ReadAction\",\"target\":[\"https:\/\/lauritzlodge.no\/no\/bestill\/\"]}]},{\"@type\":\"ImageObject\",\"inLanguage\":\"nb-NO\",\"@id\":\"https:\/\/lauritzlodge.no\/no\/bestill\/#primaryimage\",\"url\":\"https:\/\/lauritzlodge.no\/wp-content\/uploads\/2022\/09\/AG4_2252_R2_crop.jpg\",\"contentUrl\":\"https:\/\/lauritzlodge.no\/wp-content\/uploads\/2022\/09\/AG4_2252_R2_crop.jpg\",\"width\":2400,\"height\":1597},{\"@type\":\"BreadcrumbList\",\"@id\":\"https:\/\/lauritzlodge.no\/no\/bestill\/#breadcrumb\",\"itemListElement\":[{\"@type\":\"ListItem\",\"position\":1,\"name\":\"Home\",\"item\":\"https:\/\/lauritzlodge.no\/no\/\"},{\"@type\":\"ListItem\",\"position\":2,\"name\":\"Bestill\"}]},{\"@type\":\"WebSite\",\"@id\":\"https:\/\/lauritzlodge.no\/no\/#website\",\"url\":\"https:\/\/lauritzlodge.no\/no\/\",\"name\":\"Lauritz Lodge\",\"description\":\"Unic accommodation on Kvits\u00f8y, Norway\",\"publisher\":{\"@id\":\"https:\/\/lauritzlodge.no\/no\/#organization\"},\"potentialAction\":[{\"@type\":\"SearchAction\",\"target\":{\"@type\":\"EntryPoint\",\"urlTemplate\":\"https:\/\/lauritzlodge.no\/no\/?s={search_term_string}\"},\"query-input\":{\"@type\":\"PropertyValueSpecification\",\"valueRequired\":true,\"valueName\":\"search_term_string\"}}],\"inLanguage\":\"nb-NO\"},{\"@type\":\"Organization\",\"@id\":\"https:\/\/lauritzlodge.no\/no\/#organization\",\"name\":\"Lauritz Lodge\",\"url\":\"https:\/\/lauritzlodge.no\/no\/\",\"logo\":{\"@type\":\"ImageObject\",\"inLanguage\":\"nb-NO\",\"@id\":\"https:\/\/lauritzlodge.no\/no\/#\/schema\/logo\/image\/\",\"url\":\"https:\/\/lauritzlodge.no\/wp-content\/uploads\/2022\/09\/Lauritz_Logde_oliven.svg\",\"contentUrl\":\"https:\/\/lauritzlodge.no\/wp-content\/uploads\/2022\/09\/Lauritz_Logde_oliven.svg\",\"width\":3887,\"height\":2021,\"caption\":\"Lauritz Lodge\"},\"image\":{\"@id\":\"https:\/\/lauritzlodge.no\/no\/#\/schema\/logo\/image\/\"},\"sameAs\":[\"https:\/\/www.facebook.com\/LauritzLodge\/photos\",\"https:\/\/www.instagram.com\/lauritzlodge\/\"]}]}<\/script>\n<!-- \/ Yoast SEO plugin. -->","yoast_head_json":{"title":"Bestill - Lauritz Lodge","robots":{"index":"index","follow":"follow","max-snippet":"max-snippet:-1","max-image-preview":"max-image-preview:large","max-video-preview":"max-video-preview:-1"},"canonical":"https:\/\/lauritzlodge.no\/no\/bestill\/","og_locale":"nb_NO","og_type":"article","og_title":"Bestill - Lauritz Lodge","og_description":"Bestill et opphold p\u00e5 Lauritz Lodge p\u00e5 Kvits\u00f8y, en nydelig \u00f8y like utenfor Stavanger.","og_url":"https:\/\/lauritzlodge.no\/no\/bestill\/","og_site_name":"Lauritz Lodge","article_publisher":"https:\/\/www.facebook.com\/LauritzLodge\/photos","article_modified_time":"2024-04-26T13:04:49+00:00","og_image":[{"width":2400,"height":1597,"url":"https:\/\/lauritzlodge.no\/wp-content\/uploads\/2022\/09\/AG4_2252_R2_crop.jpg","type":"image\/jpeg"}],"twitter_card":"summary_large_image","twitter_misc":{"Ansl. lesetid":"5 minutter"},"schema":{"@context":"https:\/\/schema.org","@graph":[{"@type":"WebPage","@id":"https:\/\/lauritzlodge.no\/no\/bestill\/","url":"https:\/\/lauritzlodge.no\/no\/bestill\/","name":"Bestill - Lauritz Lodge","isPartOf":{"@id":"https:\/\/lauritzlodge.no\/no\/#website"},"primaryImageOfPage":{"@id":"https:\/\/lauritzlodge.no\/no\/bestill\/#primaryimage"},"image":{"@id":"https:\/\/lauritzlodge.no\/no\/bestill\/#primaryimage"},"thumbnailUrl":"https:\/\/lauritzlodge.no\/wp-content\/uploads\/2022\/09\/AG4_2252_R2_crop.jpg","datePublished":"2022-11-23T01:40:26+00:00","dateModified":"2024-04-26T13:04:49+00:00","breadcrumb":{"@id":"https:\/\/lauritzlodge.no\/no\/bestill\/#breadcrumb"},"inLanguage":"nb-NO","potentialAction":[{"@type":"ReadAction","target":["https:\/\/lauritzlodge.no\/no\/bestill\/"]}]},{"@type":"ImageObject","inLanguage":"nb-NO","@id":"https:\/\/lauritzlodge.no\/no\/bestill\/#primaryimage","url":"https:\/\/lauritzlodge.no\/wp-content\/uploads\/2022\/09\/AG4_2252_R2_crop.jpg","contentUrl":"https:\/\/lauritzlodge.no\/wp-content\/uploads\/2022\/09\/AG4_2252_R2_crop.jpg","width":2400,"height":1597},{"@type":"BreadcrumbList","@id":"https:\/\/lauritzlodge.no\/no\/bestill\/#breadcrumb","itemListElement":[{"@type":"ListItem","position":1,"name":"Home","item":"https:\/\/lauritzlodge.no\/no\/"},{"@type":"ListItem","position":2,"name":"Bestill"}]},{"@type":"WebSite","@id":"https:\/\/lauritzlodge.no\/no\/#website","url":"https:\/\/lauritzlodge.no\/no\/","name":"Lauritz Lodge","description":"Unic accommodation on Kvits\u00f8y, Norway","publisher":{"@id":"https:\/\/lauritzlodge.no\/no\/#organization"},"potentialAction":[{"@type":"SearchAction","target":{"@type":"EntryPoint","urlTemplate":"https:\/\/lauritzlodge.no\/no\/?s={search_term_string}"},"query-input":{"@type":"PropertyValueSpecification","valueRequired":true,"valueName":"search_term_string"}}],"inLanguage":"nb-NO"},{"@type":"Organization","@id":"https:\/\/lauritzlodge.no\/no\/#organization","name":"Lauritz Lodge","url":"https:\/\/lauritzlodge.no\/no\/","logo":{"@type":"ImageObject","inLanguage":"nb-NO","@id":"https:\/\/lauritzlodge.no\/no\/#\/schema\/logo\/image\/","url":"https:\/\/lauritzlodge.no\/wp-content\/uploads\/2022\/09\/Lauritz_Logde_oliven.svg","contentUrl":"https:\/\/lauritzlodge.no\/wp-content\/uploads\/2022\/09\/Lauritz_Logde_oliven.svg","width":3887,"height":2021,"caption":"Lauritz Lodge"},"image":{"@id":"https:\/\/lauritzlodge.no\/no\/#\/schema\/logo\/image\/"},"sameAs":["https:\/\/www.facebook.com\/LauritzLodge\/photos","https:\/\/www.instagram.com\/lauritzlodge\/"]}]}},"_links":{"self":[{"href":"https:\/\/lauritzlodge.no\/no\/wp-json\/wp\/v2\/pages\/1147","targetHints":{"allow":["GET"]}}],"collection":[{"href":"https:\/\/lauritzlodge.no\/no\/wp-json\/wp\/v2\/pages"}],"about":[{"href":"https:\/\/lauritzlodge.no\/no\/wp-json\/wp\/v2\/types\/page"}],"author":[{"embeddable":true,"href":"https:\/\/lauritzlodge.no\/no\/wp-json\/wp\/v2\/users\/2"}],"replies":[{"embeddable":true,"href":"https:\/\/lauritzlodge.no\/no\/wp-json\/wp\/v2\/comments?post=1147"}],"version-history":[{"count":41,"href":"https:\/\/lauritzlodge.no\/no\/wp-json\/wp\/v2\/pages\/1147\/revisions"}],"predecessor-version":[{"id":1321,"href":"https:\/\/lauritzlodge.no\/no\/wp-json\/wp\/v2\/pages\/1147\/revisions\/1321"}],"wp:featuredmedia":[{"embeddable":true,"href":"https:\/\/lauritzlodge.no\/no\/wp-json\/wp\/v2\/media\/1040"}],"wp:attachment":[{"href":"https:\/\/lauritzlodge.no\/no\/wp-json\/wp\/v2\/media?parent=1147"}],"curies":[{"name":"wp","href":"https:\/\/api.w.org\/{rel}","templated":true}]}}